{"id":89,"date":"2014-11-20T22:17:00","date_gmt":"2014-11-20T20:17:00","guid":{"rendered":"http:\/\/amepa.com\/?page_id=89"},"modified":"2025-02-21T10:12:17","modified_gmt":"2025-02-21T08:12:17","slug":"unsere-produkte","status":"publish","type":"page","link":"https:\/\/amepa.com\/de\/unsere-produkte\/","title":{"rendered":"Produkte"},"content":{"rendered":"<div class=\"wpb-content-wrapper\"><p>[vc_row full_width=&#8220;stretch_row&#8220; css=&#8220;.vc_custom_1614872698909{background-image: url(http:\/\/amepa.com\/wp-content\/uploads\/2021\/03\/img_header_Produkte-Einsatzbereiche.jpg?id=3935) !important;background-position: center !important;background-repeat: no-repeat !important;background-size: cover !important;}&#8220; el_class=&#8220;header-subpage&#8220;][vc_column][vc_column_text]Produkte[\/vc_column_text][\/vc_column][\/vc_row][vc_row css=&#8220;.vc_custom_1610466233234{margin-bottom: 30px !important;}&#8220;][vc_column width=&#8220;2\/3&#8243;][vc_custom_heading text=&#8220;Unsere Produkte&#8220; font_container=&#8220;tag:h1|text_align:left&#8220; use_theme_fonts=&#8220;yes&#8220;][vc_column_text]Messtechnik f\u00fcr die Stahl-, Aluminium-\u00a0und Automobilindustrie muss unter h\u00e4rtesten Umgebungsbedingungen\u00a0 (Staub, Hitze, elektromagnetische Felder) tagt\u00e4glich zuverl\u00e4ssig funktionieren, langlebig sein und den Anwender nachhaltig bei seinen Betriebsprozessen unterst\u00fctzen.\u00a0 Unter dieser Pr\u00e4misse werden AMEPA-Produkte entwickelt &#8211; innovativ und wertbest\u00e4ndig.[\/vc_column_text][\/vc_column][vc_column width=&#8220;1\/3&#8243;][\/vc_column][\/vc_row][vc_row el_class=&#8220;amepa-seite-produkte&#8220;][vc_column width=&#8220;1\/3&#8243;]<div tabindex=\"0\" class=\"ult-new-ib ult-ib-effect-style1  ult-ib-resp  \" data-min-width=\"768\" data-max-width=\"900\" style=\"\" data-opacity=\"1\" data-hover-opacity=\"1\" ><img decoding=\"async\" class=\"ult-new-ib-img\" style=\"opacity:1;\" alt=\"null\" src=\"https:\/\/amepa.com\/wp-content\/uploads\/2020\/12\/img_teaser_ESD.jpg\"   \/><div id=\"interactive-banner-wrap-3281\" class=\"ult-new-ib-desc\" style=\"\"><h2 class=\"ult-new-ib-title ult-responsive\"  data-ultimate-target='#interactive-banner-wrap-3281 .ult-new-ib-title'  data-responsive-json-new='{\"font-size\":\"\",\"line-height\":\"\"}'  style=\"font-weight:normal;\">ESD<\/h2><div class=\"ult-new-ib-content ult-responsive\"  data-ultimate-target='#interactive-banner-wrap-3281 .ult-new-ib-content'  data-responsive-json-new='{\"font-size\":\"\",\"line-height\":\"\"}'  style=\"font-weight:normal;\"><p>Elektromagnetische Schlackeerkennung<\/p><\/div><\/div><a class=\"ult-new-ib-link\" href=\"https:\/\/amepa.de\/produkte\/esd-elektromagnetische-schlackedetektion\/\" title=\"ESD\"  ><\/a><\/div>[\/vc_column][vc_column width=&#8220;1\/3&#8243;]<div tabindex=\"0\" class=\"ult-new-ib ult-ib-effect-style1  ult-ib-resp  \" data-min-width=\"768\" data-max-width=\"900\" style=\"\" data-opacity=\"1\" data-hover-opacity=\"1\" ><img decoding=\"async\" class=\"ult-new-ib-img\" style=\"opacity:1;\" alt=\"null\" src=\"https:\/\/amepa.com\/wp-content\/uploads\/2020\/12\/img_teaser_TSD.jpg\"   \/><div id=\"interactive-banner-wrap-2276\" class=\"ult-new-ib-desc\" style=\"\"><h2 class=\"ult-new-ib-title ult-responsive\"  data-ultimate-target='#interactive-banner-wrap-2276 .ult-new-ib-title'  data-responsive-json-new='{\"font-size\":\"\",\"line-height\":\"\"}'  style=\"font-weight:normal;\">TSD<\/h2><div class=\"ult-new-ib-content ult-responsive\"  data-ultimate-target='#interactive-banner-wrap-2276 .ult-new-ib-content'  data-responsive-json-new='{\"font-size\":\"\",\"line-height\":\"\"}'  style=\"font-weight:normal;\"><p>Thermographische Schlackeerkennung<\/p><\/div><\/div><a class=\"ult-new-ib-link\" href=\"https:\/\/amepa.de\/produkte\/tsd-schlackeerkennung\/\" title=\"TSD\"  ><\/a><\/div>[\/vc_column][vc_column width=&#8220;1\/3&#8243;]<div tabindex=\"0\" class=\"ult-new-ib ult-ib-effect-style1  ult-ib-resp  \" data-min-width=\"768\" data-max-width=\"900\" style=\"\" data-opacity=\"1\" data-hover-opacity=\"1\" ><img decoding=\"async\" class=\"ult-new-ib-img\" style=\"opacity:1;\" alt=\"null\" src=\"https:\/\/amepa.com\/wp-content\/uploads\/2020\/12\/img_teaser_SRM.jpg\"   \/><div id=\"interactive-banner-wrap-9967\" class=\"ult-new-ib-desc\" style=\"\"><h2 class=\"ult-new-ib-title ult-responsive\"  data-ultimate-target='#interactive-banner-wrap-9967 .ult-new-ib-title'  data-responsive-json-new='{\"font-size\":\"\",\"line-height\":\"\"}'  style=\"font-weight:normal;\">SRM<\/h2><div class=\"ult-new-ib-content ult-responsive\"  data-ultimate-target='#interactive-banner-wrap-9967 .ult-new-ib-content'  data-responsive-json-new='{\"font-size\":\"\",\"line-height\":\"\"}'  style=\"font-weight:normal;\"><p>Online-Rauheitsmessung<\/p><\/div><\/div><a class=\"ult-new-ib-link\" href=\"https:\/\/amepa.de\/produkte\/srm-rauigkeit\/\" title=\"SRM\"  ><\/a><\/div>[\/vc_column][\/vc_row][vc_row css=&#8220;.vc_custom_1740125532686{margin-bottom: 80px !important;}&#8220; el_class=&#8220;amepa-seite-produkte&#8220;][vc_column width=&#8220;1\/3&#8243;]<div tabindex=\"0\" class=\"ult-new-ib ult-ib-effect-style1  ult-ib-resp  \" data-min-width=\"768\" data-max-width=\"900\" style=\"\" data-opacity=\"1\" data-hover-opacity=\"1\" ><img decoding=\"async\" class=\"ult-new-ib-img\" style=\"opacity:1;\" alt=\"null\" src=\"https:\/\/amepa.com\/wp-content\/uploads\/2020\/12\/img_teaser_WMS.jpg\"   \/><div id=\"interactive-banner-wrap-7859\" class=\"ult-new-ib-desc\" style=\"\"><h2 class=\"ult-new-ib-title ult-responsive\"  data-ultimate-target='#interactive-banner-wrap-7859 .ult-new-ib-title'  data-responsive-json-new='{\"font-size\":\"\",\"line-height\":\"\"}'  style=\"font-weight:normal;\">WMS<\/h2><div class=\"ult-new-ib-content ult-responsive\"  data-ultimate-target='#interactive-banner-wrap-7859 .ult-new-ib-content'  data-responsive-json-new='{\"font-size\":\"\",\"line-height\":\"\"}'  style=\"font-weight:normal;\"><p>Online-Welligkeitsmessung<\/p><\/div><\/div><a class=\"ult-new-ib-link\" href=\"https:\/\/amepa.de\/produkte\/wms-welligkeitsmessung\/\" title=\"Arbeitsschutz bei AMEPA\"  ><\/a><\/div>[\/vc_column][vc_column width=&#8220;1\/3&#8243;]<div tabindex=\"0\" class=\"ult-new-ib ult-ib-effect-style1  ult-ib-resp  \" data-min-width=\"768\" data-max-width=\"900\" style=\"\" data-opacity=\"1\" data-hover-opacity=\"1\" ><img decoding=\"async\" class=\"ult-new-ib-img\" style=\"opacity:1;\" alt=\"null\" src=\"https:\/\/amepa.com\/wp-content\/uploads\/2024\/09\/img_teaser_OFM-300.jpg\"   \/><div id=\"interactive-banner-wrap-9241\" class=\"ult-new-ib-desc\" style=\"\"><h2 class=\"ult-new-ib-title ult-responsive\"  data-ultimate-target='#interactive-banner-wrap-9241 .ult-new-ib-title'  data-responsive-json-new='{\"font-size\":\"\",\"line-height\":\"\"}'  style=\"font-weight:normal;\">OFM<\/h2><div class=\"ult-new-ib-content ult-responsive\"  data-ultimate-target='#interactive-banner-wrap-9241 .ult-new-ib-content'  data-responsive-json-new='{\"font-size\":\"\",\"line-height\":\"\"}'  style=\"font-weight:normal;\"><p>Online-\u00d6lauflagenmessung<\/p><\/div><\/div><a class=\"ult-new-ib-link\" href=\"https:\/\/amepa.de\/produkte\/ofm-online-oelfilmmessung\/\" title=\"OFM\"  ><\/a><\/div>[\/vc_column][vc_column width=&#8220;1\/3&#8243;]<div tabindex=\"0\" class=\"ult-new-ib ult-ib-effect-style1  ult-ib-resp  \" data-min-width=\"768\" data-max-width=\"900\" style=\"\" data-opacity=\"1\" data-hover-opacity=\"1\" ><img decoding=\"async\" class=\"ult-new-ib-img\" style=\"opacity:1;\" alt=\"null\" src=\"https:\/\/amepa.com\/wp-content\/uploads\/2024\/09\/img_teaser_OFIS-3-0_DE.jpg\"   \/><div id=\"interactive-banner-wrap-6489\" class=\"ult-new-ib-desc\" style=\"\"><h2 class=\"ult-new-ib-title ult-responsive\"  data-ultimate-target='#interactive-banner-wrap-6489 .ult-new-ib-title'  data-responsive-json-new='{\"font-size\":\"\",\"line-height\":\"\"}'  style=\"font-weight:normal;\">OFIS<\/h2><div class=\"ult-new-ib-content ult-responsive\"  data-ultimate-target='#interactive-banner-wrap-6489 .ult-new-ib-content'  data-responsive-json-new='{\"font-size\":\"\",\"line-height\":\"\"}'  style=\"font-weight:normal;\"><p>Portable \u00d6lauflagenmessung<\/p><\/div><\/div><a class=\"ult-new-ib-link\" href=\"https:\/\/amepa.de\/produkte\/ofis-oelschichtdickenmessung\/\" title=\"OFIS\"  ><\/a><\/div>[\/vc_column][\/vc_row]<\/p>\n<\/div>","protected":false},"excerpt":{"rendered":"<p>[vc_row full_width=&#8220;stretch_row&#8220; css=&#8220;.vc_custom_1614872698909{background-image: url(http:\/\/amepa.com\/wp-content\/uploads\/2021\/03\/img_header_Produkte-Einsatzbereiche.jpg?id=3935) !important;background-position: center !important;background-repeat: no-repeat !important;background-size: cover !important;}&#8220; el_class=&#8220;header-subpage&#8220;][vc_column][vc_column_text]Produkte[\/vc_column_text][\/vc_column][\/vc_row][vc_row css=&#8220;.vc_custom_1610466233234{margin-bottom: 30px !important;}&#8220;][vc_column width=&#8220;2\/3&#8243;][vc_custom_heading text=&#8220;Unsere Produkte&#8220; font_container=&#8220;tag:h1|text_align:left&#8220; use_theme_fonts=&#8220;yes&#8220;][vc_column_text]Messtechnik f\u00fcr die Stahl-, Aluminium-\u00a0und Automobilindustrie muss unter h\u00e4rtesten Umgebungsbedingungen\u00a0 (Staub, Hitze, elektromagnetische Felder) tagt\u00e4glich zuverl\u00e4ssig funktionieren, langlebig sein und den Anwender nachhaltig bei seinen Betriebsprozessen unterst\u00fctzen.\u00a0 Unter dieser Pr\u00e4misse werden AMEPA-Produkte entwickelt &#8211; innovativ und [&hellip;]<\/p>\n","protected":false},"author":1,"featured_media":0,"parent":0,"menu_order":0,"comment_status":"open","ping_status":"open","template":"","meta":{"_acf_changed":false,"footnotes":""},"class_list":["post-89","page","type-page","status-publish","hentry"],"acf":[],"yoast_head":"<!-- This site is optimized with the Yoast SEO Premium plugin v25.9 (Yoast SEO v25.9) - https:\/\/yoast.com\/wordpress\/plugins\/seo\/ -->\n<title>AMEPA - Produkte - Innovativ und wertbest\u00e4ndig<\/title>\n<meta name=\"description\" content=\"Unsere Messtechnik muss unter h\u00e4rtesten Umgebungsbedingungen\u00a0zuverl\u00e4ssig funktionieren, langlebig sein und den Anwender nachhaltig unterst\u00fctzen.\" \/>\n<meta name=\"robots\" content=\"index, follow, max-snippet:-1, max-image-preview:large, max-video-preview:-1\" \/>\n<link rel=\"canonical\" href=\"https:\/\/amepa.com\/de\/unsere-produkte\/\" \/>\n<meta property=\"og:locale\" content=\"de_DE\" \/>\n<meta property=\"og:type\" content=\"article\" \/>\n<meta property=\"og:title\" content=\"Produkte\" \/>\n<meta property=\"og:description\" content=\"ProdukteMesstechnik f\u00fcr die Stahl-, Aluminium-\u00a0und Automobilindustrie muss unter h\u00e4rtesten Umgebungsbedingungen\u00a0 (Staub, Hitze, elektromagnetische Felder)\" \/>\n<meta property=\"og:url\" content=\"https:\/\/amepa.com\/de\/unsere-produkte\/\" \/>\n<meta property=\"og:site_name\" content=\"Amepa GmbH\" \/>\n<meta property=\"article:modified_time\" content=\"2025-02-21T08:12:17+00:00\" \/>\n<meta property=\"og:image\" content=\"https:\/\/amepa.com\/wp-content\/uploads\/2021\/05\/unternehmen.jpg\" \/>\n\t<meta property=\"og:image:width\" content=\"1200\" \/>\n\t<meta property=\"og:image:height\" content=\"627\" \/>\n\t<meta property=\"og:image:type\" content=\"image\/jpeg\" \/>\n<meta name=\"twitter:label1\" content=\"Gesch\u00e4tzte Lesezeit\" \/>\n\t<meta name=\"twitter:data1\" content=\"1\u00a0Minute\" \/>\n<script type=\"application\/ld+json\" class=\"yoast-schema-graph\">{\"@context\":\"https:\/\/schema.org\",\"@graph\":[{\"@type\":\"WebPage\",\"@id\":\"https:\/\/amepa.com\/de\/unsere-produkte\/\",\"url\":\"https:\/\/amepa.com\/de\/unsere-produkte\/\",\"name\":\"AMEPA - Produkte - Innovativ und wertbest\u00e4ndig\",\"isPartOf\":{\"@id\":\"https:\/\/amepa.com\/de\/#website\"},\"datePublished\":\"2014-11-20T20:17:00+00:00\",\"dateModified\":\"2025-02-21T08:12:17+00:00\",\"description\":\"Unsere Messtechnik muss unter h\u00e4rtesten Umgebungsbedingungen\u00a0zuverl\u00e4ssig funktionieren, langlebig sein und den Anwender nachhaltig unterst\u00fctzen.\",\"breadcrumb\":{\"@id\":\"https:\/\/amepa.com\/de\/unsere-produkte\/#breadcrumb\"},\"inLanguage\":\"de\",\"potentialAction\":[{\"@type\":\"ReadAction\",\"target\":[\"https:\/\/amepa.com\/de\/unsere-produkte\/\"]}]},{\"@type\":\"BreadcrumbList\",\"@id\":\"https:\/\/amepa.com\/de\/unsere-produkte\/#breadcrumb\",\"itemListElement\":[{\"@type\":\"ListItem\",\"position\":1,\"name\":\"Home\",\"item\":\"https:\/\/amepa.com\/de\/\"},{\"@type\":\"ListItem\",\"position\":2,\"name\":\"Produkte\"}]},{\"@type\":\"WebSite\",\"@id\":\"https:\/\/amepa.com\/de\/#website\",\"url\":\"https:\/\/amepa.com\/de\/\",\"name\":\"AMEPA America\",\"description\":\"Angewandte Messtechnik und Prozessautomatisierung GmbH\",\"alternateName\":\"AMEPA\",\"potentialAction\":[{\"@type\":\"SearchAction\",\"target\":{\"@type\":\"EntryPoint\",\"urlTemplate\":\"https:\/\/amepa.com\/de\/?s={search_term_string}\"},\"query-input\":{\"@type\":\"PropertyValueSpecification\",\"valueRequired\":true,\"valueName\":\"search_term_string\"}}],\"inLanguage\":\"de\"}]}<\/script>\n<!-- \/ Yoast SEO Premium plugin. -->","yoast_head_json":{"title":"AMEPA - Produkte - Innovativ und wertbest\u00e4ndig","description":"Unsere Messtechnik muss unter h\u00e4rtesten Umgebungsbedingungen\u00a0zuverl\u00e4ssig funktionieren, langlebig sein und den Anwender nachhaltig unterst\u00fctzen.","robots":{"index":"index","follow":"follow","max-snippet":"max-snippet:-1","max-image-preview":"max-image-preview:large","max-video-preview":"max-video-preview:-1"},"canonical":"https:\/\/amepa.com\/de\/unsere-produkte\/","og_locale":"de_DE","og_type":"article","og_title":"Produkte","og_description":"ProdukteMesstechnik f\u00fcr die Stahl-, Aluminium-\u00a0und Automobilindustrie muss unter h\u00e4rtesten Umgebungsbedingungen\u00a0 (Staub, Hitze, elektromagnetische Felder)","og_url":"https:\/\/amepa.com\/de\/unsere-produkte\/","og_site_name":"Amepa GmbH","article_modified_time":"2025-02-21T08:12:17+00:00","og_image":[{"width":1200,"height":627,"url":"https:\/\/amepa.com\/wp-content\/uploads\/2021\/05\/unternehmen.jpg","type":"image\/jpeg"}],"twitter_misc":{"Gesch\u00e4tzte Lesezeit":"1\u00a0Minute"},"schema":{"@context":"https:\/\/schema.org","@graph":[{"@type":"WebPage","@id":"https:\/\/amepa.com\/de\/unsere-produkte\/","url":"https:\/\/amepa.com\/de\/unsere-produkte\/","name":"AMEPA - Produkte - Innovativ und wertbest\u00e4ndig","isPartOf":{"@id":"https:\/\/amepa.com\/de\/#website"},"datePublished":"2014-11-20T20:17:00+00:00","dateModified":"2025-02-21T08:12:17+00:00","description":"Unsere Messtechnik muss unter h\u00e4rtesten Umgebungsbedingungen\u00a0zuverl\u00e4ssig funktionieren, langlebig sein und den Anwender nachhaltig unterst\u00fctzen.","breadcrumb":{"@id":"https:\/\/amepa.com\/de\/unsere-produkte\/#breadcrumb"},"inLanguage":"de","potentialAction":[{"@type":"ReadAction","target":["https:\/\/amepa.com\/de\/unsere-produkte\/"]}]},{"@type":"BreadcrumbList","@id":"https:\/\/amepa.com\/de\/unsere-produkte\/#breadcrumb","itemListElement":[{"@type":"ListItem","position":1,"name":"Home","item":"https:\/\/amepa.com\/de\/"},{"@type":"ListItem","position":2,"name":"Produkte"}]},{"@type":"WebSite","@id":"https:\/\/amepa.com\/de\/#website","url":"https:\/\/amepa.com\/de\/","name":"AMEPA America","description":"Angewandte Messtechnik und Prozessautomatisierung GmbH","alternateName":"AMEPA","potentialAction":[{"@type":"SearchAction","target":{"@type":"EntryPoint","urlTemplate":"https:\/\/amepa.com\/de\/?s={search_term_string}"},"query-input":{"@type":"PropertyValueSpecification","valueRequired":true,"valueName":"search_term_string"}}],"inLanguage":"de"}]}},"_links":{"self":[{"href":"https:\/\/amepa.com\/de\/wp-json\/wp\/v2\/pages\/89","targetHints":{"allow":["GET"]}}],"collection":[{"href":"https:\/\/amepa.com\/de\/wp-json\/wp\/v2\/pages"}],"about":[{"href":"https:\/\/amepa.com\/de\/wp-json\/wp\/v2\/types\/page"}],"author":[{"embeddable":true,"href":"https:\/\/amepa.com\/de\/wp-json\/wp\/v2\/users\/1"}],"replies":[{"embeddable":true,"href":"https:\/\/amepa.com\/de\/wp-json\/wp\/v2\/comments?post=89"}],"version-history":[{"count":49,"href":"https:\/\/amepa.com\/de\/wp-json\/wp\/v2\/pages\/89\/revisions"}],"predecessor-version":[{"id":9933,"href":"https:\/\/amepa.com\/de\/wp-json\/wp\/v2\/pages\/89\/revisions\/9933"}],"wp:attachment":[{"href":"https:\/\/amepa.com\/de\/wp-json\/wp\/v2\/media?parent=89"}],"curies":[{"name":"wp","href":"https:\/\/api.w.org\/{rel}","templated":true}]}}