{"id":85,"date":"2014-11-20T22:15:49","date_gmt":"2014-11-20T20:15:49","guid":{"rendered":"http:\/\/amepa.com\/?page_id=85"},"modified":"2025-03-20T13:40:47","modified_gmt":"2025-03-20T11:40:47","slug":"vertriebspartner","status":"publish","type":"page","link":"https:\/\/amepa.com\/de\/vertriebspartner\/","title":{"rendered":"Vertriebspartner"},"content":{"rendered":"<div class=\"wpb-content-wrapper\"><p>[vc_row full_width=&#8220;stretch_row&#8220; css=&#8220;.vc_custom_1611920273510{background-image: url(http:\/\/amepa.com\/wp-content\/uploads\/2021\/01\/img_header_Vertriebspartner.jpg?id=3553) !important;background-position: center !important;background-repeat: no-repeat !important;background-size: cover !important;}&#8220; el_class=&#8220;header-subpage&#8220;][vc_column][vc_column_text]Vertriebspartner[\/vc_column_text][\/vc_column][\/vc_row][vc_row][vc_column width=&#8220;2\/3&#8243;][vc_custom_heading text=&#8220;Wir sind weltweit f\u00fcr Sie da&#8220; font_container=&#8220;tag:h1|text_align:left&#8220;][vc_column_text]Als Global Player ist AMEPA mit ihren Tochterfirmen und Vertriebspartnern f\u00fcr Sie vor Ort: regional, kompetent, zuverl\u00e4ssig und in Ihrer Landessprache erreichbar.<\/p>\n<p>Sie profitieren von kurzen Antwortzeiten, unser Netzwerk ist mit Ihren technischen Anforderungen vertraut. Wir begleiten Ihre Projekte, unterst\u00fctzen Ihre Planung mit Machbarkeitsstudien und unterst\u00fctzen Sie w\u00e4hrend der gesamten Projektlaufzeit mit ihrem Service.<\/p>\n<p>Technoloy matters &#8211; mit diesem Bekenntnis begr\u00fcndet AMEPA ihre weltweite Pr\u00e4senz auf Messen, Konferenzen und Fachtagungen. Neue Technologien, wissenschaftlicher Austausch und nachhaltige Entwicklungen bestimmen konsequent unseren Innovationspuls \u2013 heute und in Zukunft.<\/p>\n<p>Stay tuned &#8211; AMEPA &#8211; weltweit f\u00fcr Sie vor Ort.[\/vc_column_text][vc_custom_heading text=&#8220;Vertriebspartner weltweit&#8220; font_container=&#8220;tag:h3|text_align:left&#8220;][vc_tta_accordion spacing=&#8220;10&#8243; gap=&#8220;10&#8243; active_section=&#8220;1&#8243; css=&#8220;.vc_custom_1611919888973{margin-bottom: 50px !important;}&#8220;][vc_tta_section title=&#8220;Europa&#8220; tab_id=&#8220;1609824657341-a7bcbbb8-5b6e16119174472951611922400292&#8243;][vc_row_inner][vc_column_inner width=&#8220;1\/2&#8243;][vc_separator][vc_custom_heading text=&#8220;Deutschland&#8220; font_container=&#8220;tag:h4|text_align:left&#8220; el_class=&#8220;headline-blau&#8220;][vc_column_text]<strong>AMEPA Angewandte Messtechnik und Prozessautomatisierung GmbH<\/strong><\/p>\n<p>Karl-Carstens-Str. 12<br \/>\n52146 W\u00fcrselen<\/p>\n<p>Telefon: <a href=\"tel:+492405408080\">+49 2405 40808-0<\/a><br \/>\nFax: <a href=\"tel:+4924054080844\">+49 2405 40808-44<\/a><\/p>\n<p><a href=\"mailto:info@amepa.de\">info@amepa.de<\/a>[\/vc_column_text][\/vc_column_inner][vc_column_inner width=&#8220;1\/2&#8243;][vc_separator][vc_custom_heading text=&#8220;Gro\u00dfbritannien&#8220; font_container=&#8220;tag:h4|text_align:left&#8220; el_class=&#8220;headline-blau&#8220;][vc_column_text]<strong>Refmet Ceramics Limited<\/strong><\/p>\n<p>Thorncliffe Park Industrial Estate<br \/>\nS35 2PH Chapeltown, Sheffield<\/p>\n<p>Telefon: <a href=\"tel:+441142577277\">+44 114 257-7277<\/a><br \/>\nFax: <a href=\"tel:+441142577288\">+44 114 257-7288<\/a><\/p>\n<p><a href=\"mailto:enquiries@refmet.com\">enquiries@refmet.com<\/a>[\/vc_column_text][\/vc_column_inner][\/vc_row_inner][vc_row_inner][vc_column_inner width=&#8220;1\/2&#8243;][vc_separator][vc_custom_heading text=&#8220;Italien&#8220; font_container=&#8220;tag:h4|text_align:left&#8220; el_class=&#8220;headline-blau&#8220;][vc_column_text]<strong>ENGIMET SRL Engineering and Sales Service<\/strong><\/p>\n<p>Via Ippolito Nievo, 25<br \/>\n10153 Torino<\/p>\n<p>Telefon: <a href=\"tel:+3901119715602\">+39 011 197156-02<\/a><br \/>\nFax: <a href=\"tel:+3901119715699\">+39 011 197156-99<\/a><\/p>\n<p><a href=\"mailto:engimet@engimet.it\">engimet@engimet.it<\/a>[\/vc_column_text][\/vc_column_inner][vc_column_inner width=&#8220;1\/2&#8243;][vc_separator][vc_custom_heading text=&#8220;Spanien&#8220; font_container=&#8220;tag:h4|text_align:left&#8220; el_class=&#8220;headline-blau&#8220;][vc_column_text]<strong>Impexa S.L.<\/strong><\/p>\n<p>Pol. Ind. De Roces, 5-C\/ Farenheit<br \/>\n33211 Gijon Asturias<\/p>\n<p>Telefon: <a href=\"tel:+34985307015\">+34 985 307015<\/a><br \/>\nFax: <a href=\"tel:+34985168875\">+34 985 168875<\/a><\/p>\n<p><a href=\"mailto:info@impexa.es\">info@impexa.es<\/a>[\/vc_column_text][\/vc_column_inner][\/vc_row_inner][vc_row_inner][vc_column_inner width=&#8220;1\/2&#8243;][vc_separator][vc_custom_heading text=&#8220;T\u00fcrkei (Steel making)&#8220; font_container=&#8220;tag:h4|text_align:left&#8220; el_class=&#8220;headline-blau&#8220;][vc_column_text]<strong>ALP MUHENDISLIK MUMESSILLIK TIC VE SAN LTD STI<\/strong><\/p>\n<p>Bilmo Kucuk Sanayi Sitesi Aydinli Mah. Yanyol Caddesi<br \/>\nMelodi Sokak No:40<br \/>\nTuzla \u2013 \u0130stanbul<\/p>\n<p>Telefon: <a href=\"tel:+902165934142\">+90 216 5934142<\/a><br \/>\nFax: <a href=\"tel:+902165934144\">+90 216 5934144<\/a><\/p>\n<p><a href=\"mailto:bkunac@alpmuhendislik.net\">bkunac@alpmuhendislik.net<\/a>[\/vc_column_text][\/vc_column_inner][vc_column_inner width=&#8220;1\/2&#8243;][vc_separator][vc_custom_heading text=&#8220;T\u00fcrkei (Processing lines)&#8220; font_container=&#8220;tag:h4|text_align:left&#8220; el_class=&#8220;headline-blau&#8220;][vc_column_text]<strong>3STEKNIK\u00a0<\/strong><\/p>\n<p>Yukar\u0131 Dudullu Bostanc\u0131 Yolu Cd. Keyap \u00c7ar\u015f\u0131 E2 Blok No: 85<br \/>\n34775 \u00dcmraniye-\u0130stanbul<\/p>\n<p>Telefon: <a href=\"tel:+902165274784\">+90 216 5274784<\/a><br \/>\nFax: <a href=\"tel:+902165274788\">+90 216 5274788<\/a><\/p>\n<p><a href=\"mailto:info@3steknik.com.tr\">info@3steknik.com.tr<\/a>[\/vc_column_text][\/vc_column_inner][\/vc_row_inner][\/vc_tta_section][vc_tta_section title=&#8220;Afrika&#8220; tab_id=&#8220;1611926785673-6930abcb-5a18&#8243;][vc_row_inner][vc_column_inner width=&#8220;1\/2&#8243;][vc_separator][vc_custom_heading text=&#8220;Deutschland&#8220; font_container=&#8220;tag:h4|text_align:left&#8220; el_class=&#8220;headline-blau&#8220;][vc_column_text]<strong>AMEPA Angewandte Messtechnik und Prozessautomatisierung GmbH<\/strong><\/p>\n<p>Karl- Carstens- Str. 12<br \/>\n52146 W\u00fcrselen<br \/>\nDeutschland<\/p>\n<p>Telefon: <a href=\"tel:+492405408080\">+49 2405 40808-0<\/a><br \/>\nFax: <a href=\"tel:+4924054080844\">+49 2405 40808-44<\/a><\/p>\n<p><a href=\"mailto:info@amepa.de\">info@amepa.de<\/a>[\/vc_column_text][\/vc_column_inner][vc_column_inner width=&#8220;1\/2&#8243;][\/vc_column_inner][\/vc_row_inner][\/vc_tta_section][vc_tta_section title=&#8220;Asien&#8220; tab_id=&#8220;1611917538754-e8db77db-34c01611922400292&#8243;][vc_row_inner][vc_column_inner width=&#8220;1\/2&#8243;][vc_separator][vc_custom_heading text=&#8220;China&#8220; font_container=&#8220;tag:h4|text_align:left&#8220; el_class=&#8220;headline-blau&#8220;][vc_column_text]<strong>AMEPA Trading (Shanghai) Co., Ltd.<\/strong><\/p>\n<p>Room 19B, Building A<br \/>\nYueda International,<br \/>\nChangshou Rd. 1118,<br \/>\nPutuo District<br \/>\n200042 Shanghai<\/p>\n<p>Telefon: <a href=\"tel:+862164478501\">+86 21 64478501<\/a><br \/>\nFax: <a href=\"tel:+862164478502\">+86 21 64478502<\/a><\/p>\n<p><a href=\"mailto:info@amepa.sh.cn\">info@amepa.sh.cn<\/a>[\/vc_column_text][\/vc_column_inner][vc_column_inner width=&#8220;1\/2&#8243;][vc_separator][vc_custom_heading text=&#8220;Indien&#8220; font_container=&#8220;tag:h4|text_align:left&#8220; el_class=&#8220;headline-blau&#8220;][vc_column_text]<strong>Tristar metallurgical Pvt. Ltd.<\/strong><\/p>\n<p>4 Netaji Subhas Road, 1st Floor,<br \/>\nChartered Bank Building,<br \/>\nKolkata -700001<\/p>\n<p>Mobil: <a href=\"tel:+919831095151\">+91 98310 95151<\/a><br \/>\nTelefon: <a href=\"tel:+913322302643\">+91 33 2230-2643<\/a><br \/>\nFax: <a href=\"tel:913322308449\">+91 33 2230-8449<\/a><\/p>\n<p><a href=\"mailto:hindsale@hotmail.com\">hindsale@hotmail.com<\/a>[\/vc_column_text][\/vc_column_inner][\/vc_row_inner][vc_row_inner][vc_column_inner width=&#8220;1\/2&#8243;][vc_separator][vc_custom_heading text=&#8220;Japan&#8220; font_container=&#8220;tag:h4|text_align:left&#8220; el_class=&#8220;headline-blau&#8220;][vc_column_text]<strong>J-Tec Inc.<\/strong><\/p>\n<p>Goto BLDG. 5F<br \/>\n2-19-12 Sotokanda<br \/>\nChiyoda-ku, Tokyo, 101-0021<\/p>\n<p>Telefon: <a href=\"tel:+81352566701\">+81 3 5256-6701<\/a><br \/>\nFax: <a href=\"tel:+81352566705\">+81 3 5256-6705<\/a><\/p>\n<p><a href=\"mailto:k.ishimoto@j-tec-inc.co.jp\">k.ishimoto@j-tec-inc.co.jp<\/a>[\/vc_column_text][\/vc_column_inner][vc_column_inner width=&#8220;1\/2&#8243;][vc_separator][vc_custom_heading text=&#8220;Korea&#8220; font_container=&#8220;tag:h4|text_align:left&#8220; el_class=&#8220;headline-blau&#8220;][vc_column_text]<strong>SONG &amp; Company LTD.<\/strong><\/p>\n<p>177-2 Bangi-Dong, Songpa-Gu<br \/>\n138-830 Seoul<\/p>\n<p>Telefon: <a href=\"tel:+8225632141\">+82 2 563-2141<\/a><br \/>\nFax: <a href=\"tel:+8225632149\">+82 2 563-2149<\/a><\/p>\n<p><a href=\"mailto:songnco@gmail.com\">songnco@gmail.com<\/a>[\/vc_column_text][\/vc_column_inner][\/vc_row_inner][vc_row_inner][vc_column_inner width=&#8220;1\/2&#8243;][vc_separator][vc_custom_heading text=&#8220;Taiwan&#8220; font_container=&#8220;tag:h4|text_align:left&#8220; el_class=&#8220;headline-blau&#8220;][vc_column_text]<strong>PROGRADE International Trading Co., Ltd.<\/strong><\/p>\n<p>9F-4, No. 172-7 Szu Wie 4th Road<br \/>\nKaoshiung<\/p>\n<p>Telefon: <a href=\"tel:+88673305950\">+886 7 3305950<\/a><br \/>\nFax: <a href=\"tel:+88673305938\">+886 7 3305938<\/a><\/p>\n<p><a href=\"mailto:prograde@ms45.hinet.net\">prograde@ms45.hinet.net<\/a>[\/vc_column_text][\/vc_column_inner][vc_column_inner width=&#8220;1\/2&#8243;][vc_separator][vc_custom_heading text=&#8220;T\u00fcrkei (Steel making)&#8220; font_container=&#8220;tag:h4|text_align:left&#8220; el_class=&#8220;headline-blau&#8220;][vc_column_text]<strong>ALP MUHENDISLIK MUMESSILLIK TIC VE SAN LTD STI<\/strong><\/p>\n<p>Bilmo Kucuk Sanayi Sitesi Aydinli Mah. Yanyol Caddesi<br \/>\nMelodi Sokak No:40<br \/>\nTuzla \u2013 \u0130stanbul<\/p>\n<p>Telefon: <a href=\"tel:+902165934142\">+90 216 5934142<\/a><br \/>\nFax: <a href=\"tel:+902165934144\">+90 216 5934144<\/a><\/p>\n<p><a href=\"mailto:bkunac@alpmuhendislik.net\">bkunac@alpmuhendislik.net<\/a>[\/vc_column_text][\/vc_column_inner][\/vc_row_inner][vc_row_inner][vc_column_inner width=&#8220;1\/2&#8243;][vc_separator][vc_custom_heading text=&#8220;T\u00fcrkei (Processing lines)&#8220; font_container=&#8220;tag:h4|text_align:left&#8220; el_class=&#8220;headline-blau&#8220;][vc_column_text]<strong>Potenza M\u00fchendislik<\/strong><\/p>\n<p>Yukar\u0131 Dudullu Bostanc\u0131 Yolu Cd. Keyap \u00c7ar\u015f\u0131 E2 Blok No: 85<br \/>\n34775 \u00dcmraniye-\u0130stanbul<\/p>\n<p>Telefon: <a href=\"tel:+902165274784\">+90 216 5274784<\/a><br \/>\nFax: <a href=\"tel:+902165274788\">+90 216 5274788<\/a><\/p>\n<p><a href=\"mailto:info@potenza.com.tr\">info@potenza.com.tr<\/a>[\/vc_column_text][\/vc_column_inner][vc_column_inner width=&#8220;1\/2&#8243;][\/vc_column_inner][\/vc_row_inner][\/vc_tta_section][vc_tta_section title=&#8220;Australien&#8220; tab_id=&#8220;1611926926367-a1cc9ed4-e47d&#8220;][vc_row_inner][vc_column_inner width=&#8220;1\/2&#8243;][vc_separator][vc_custom_heading text=&#8220;Australien&#8220; font_container=&#8220;tag:h4|text_align:left&#8220; css=&#8220;&#8220; el_class=&#8220;headline-blau&#8220;][vc_column_text]<strong>GARA Trading Pty Ltd.<\/strong><\/p>\n<p>5 Edgar Street<br \/>\nTowradgi NSW 2518<br \/>\nAustralien<\/p>\n<p>Telefon: <a href=\"tel:+61 413 802 092\">+61 413 802 092<\/a><\/p>\n<p><a href=\"mailto:gerard.breslin@garatrading.com\">gerard.breslin@garatrading.com<\/a>[\/vc_column_text][\/vc_column_inner][vc_column_inner width=&#8220;1\/2&#8243;][\/vc_column_inner][\/vc_row_inner][\/vc_tta_section][vc_tta_section title=&#8220;Amerika&#8220; tab_id=&#8220;1609824657501-1f258b9b-370c16119174472951611922400292&#8243;][vc_row_inner][vc_column_inner width=&#8220;1\/2&#8243;][vc_separator][vc_custom_heading text=&#8220;Brasilien&#8220; font_container=&#8220;tag:h4|text_align:left&#8220; el_class=&#8220;headline-blau&#8220;][vc_column_text]<strong>REP MINERALS COML. EXP. IMP. LTDA.<\/strong><\/p>\n<p>Rua Universal, N\u00b0 479 Sala 04<br \/>\nCEP 09732-110 S\u00e3o Bernardo do Campo, S\u00e3o Paulo<\/p>\n<p>Telefon: <a href=\"tel:+551143651001\">+55 11 4365-1001<\/a><br \/>\nFax: <a href=\"tel:+551143651057\">+55 11 4365-1057<\/a><\/p>\n<p><a href=\"mailto:repminerals@uol.com.br\">repminerals@uol.com.br<\/a>[\/vc_column_text][\/vc_column_inner][vc_column_inner width=&#8220;1\/2&#8243;][vc_separator][vc_custom_heading text=&#8220;Mexiko&#8220; font_container=&#8220;tag:h4|text_align:left&#8220; el_class=&#8220;headline-blau&#8220;][vc_column_text]<strong>AC Kintec, S.A. DE C.V.<\/strong><\/p>\n<p>Av. V\u00eda Ulisse 702<br \/>\n27000 Torr\u00e9on<\/p>\n<p>Telefon: <a href=\"tel:+528717912384\">+52 871 7912384<\/a><\/p>\n<p><a href=\"mailto:ventas@ackintec.com\">ventas@ackintec.com<\/a>[\/vc_column_text][\/vc_column_inner][\/vc_row_inner][vc_row_inner][vc_column_inner width=&#8220;1\/2&#8243;][vc_separator][vc_custom_heading text=&#8220;USA&#8220; font_container=&#8220;tag:h4|text_align:left&#8220; el_class=&#8220;headline-blau&#8220;][vc_column_text]<strong>AMEPA America Inc.<\/strong><\/p>\n<p>31250 Solon Road, Unit 17<br \/>\nSolon, OH 44139<\/p>\n<p>Telefon: <a href=\"tel:+14403370005\">+1 440 337 0005<\/a><br \/>\nFax: <a href=\"tel:+14403181027\">+1 440 318 1027<\/a><\/p>\n<p><a href=\"mailto:info@amepa.com\">info@amepa.com<\/a>[\/vc_column_text][\/vc_column_inner][vc_column_inner width=&#8220;1\/2&#8243;][\/vc_column_inner][\/vc_row_inner][\/vc_tta_section][\/vc_tta_accordion][\/vc_column][vc_column width=&#8220;1\/3&#8243;][vc_custom_heading text=&#8220;Mehr \u00fcber uns&#8220; font_container=&#8220;tag:h4|text_align:left&#8220; css=&#8220;.vc_custom_1611920232852{margin-right: 33% !important;}&#8220; el_class=&#8220;headline-blau&#8220;]<div tabindex=\"0\" class=\"ult-new-ib ult-ib-effect-style1  ult-ib-resp  \" data-min-width=\"768\" data-max-width=\"900\" style=\"\" data-opacity=\"1\" data-hover-opacity=\"1\" ><img decoding=\"async\" class=\"ult-new-ib-img\" style=\"opacity:1;\" alt=\"null\" src=\"https:\/\/amepa.com\/wp-content\/uploads\/2021\/01\/img_teaser_Referenzen.jpg\"   \/><div id=\"interactive-banner-wrap-7495\" class=\"ult-new-ib-desc\" style=\"\"><h2 class=\"ult-new-ib-title ult-responsive\"  data-ultimate-target='#interactive-banner-wrap-7495 .ult-new-ib-title'  data-responsive-json-new='{\"font-size\":\"\",\"line-height\":\"\"}'  style=\"font-weight:normal;\">Referenzen<\/h2><div class=\"ult-new-ib-content ult-responsive\"  data-ultimate-target='#interactive-banner-wrap-7495 .ult-new-ib-content'  data-responsive-json-new='{\"font-size\":\"\",\"line-height\":\"\"}'  style=\"font-weight:normal;\"><p>Unternehmen, die unsere Produkte einsetzen<\/p><\/div><\/div><a class=\"ult-new-ib-link\" href=\"https:\/\/amepa.de\/de\/referenzen\/\" title=\"Referenzen\"  ><\/a><\/div><div tabindex=\"0\" class=\"ult-new-ib ult-ib-effect-style1  ult-ib-resp  \" data-min-width=\"768\" data-max-width=\"900\" style=\"\" data-opacity=\"1\" data-hover-opacity=\"1\" ><img decoding=\"async\" class=\"ult-new-ib-img\" style=\"opacity:1;\" alt=\"null\" src=\"https:\/\/amepa.com\/wp-content\/uploads\/2021\/03\/img_teaser_Service_neu.jpg\"   \/><div id=\"interactive-banner-wrap-9082\" class=\"ult-new-ib-desc\" style=\"\"><h2 class=\"ult-new-ib-title ult-responsive\"  data-ultimate-target='#interactive-banner-wrap-9082 .ult-new-ib-title'  data-responsive-json-new='{\"font-size\":\"\",\"line-height\":\"\"}'  style=\"font-weight:normal;\">Service<\/h2><div class=\"ult-new-ib-content ult-responsive\"  data-ultimate-target='#interactive-banner-wrap-9082 .ult-new-ib-content'  data-responsive-json-new='{\"font-size\":\"\",\"line-height\":\"\"}'  style=\"font-weight:normal;\"><p>Kompetent und engagiert<\/p><\/div><\/div><a class=\"ult-new-ib-link\" href=\"https:\/\/amepa.de\/service\/\" title=\"Service\"  ><\/a><\/div>[\/vc_column][\/vc_row]<\/p>\n<\/div>","protected":false},"excerpt":{"rendered":"<p>[vc_row full_width=&#8220;stretch_row&#8220; css=&#8220;.vc_custom_1611920273510{background-image: url(http:\/\/amepa.com\/wp-content\/uploads\/2021\/01\/img_header_Vertriebspartner.jpg?id=3553) !important;background-position: center !important;background-repeat: no-repeat !important;background-size: cover !important;}&#8220; el_class=&#8220;header-subpage&#8220;][vc_column][vc_column_text]Vertriebspartner[\/vc_column_text][\/vc_column][\/vc_row][vc_row][vc_column width=&#8220;2\/3&#8243;][vc_custom_heading text=&#8220;Wir sind weltweit f\u00fcr Sie da&#8220; font_container=&#8220;tag:h1|text_align:left&#8220;][vc_column_text]Als Global Player ist AMEPA mit ihren Tochterfirmen und Vertriebspartnern f\u00fcr Sie vor Ort: regional, kompetent, zuverl\u00e4ssig und in Ihrer Landessprache erreichbar. Sie profitieren von kurzen Antwortzeiten, unser Netzwerk ist mit Ihren technischen Anforderungen vertraut. Wir [&hellip;]<\/p>\n","protected":false},"author":1,"featured_media":0,"parent":0,"menu_order":0,"comment_status":"open","ping_status":"open","template":"","meta":{"_acf_changed":false,"footnotes":""},"class_list":["post-85","page","type-page","status-publish","hentry"],"acf":[],"yoast_head":"<!-- This site is optimized with the Yoast SEO Premium plugin v25.9 (Yoast SEO v25.9) - https:\/\/yoast.com\/wordpress\/plugins\/seo\/ -->\n<title>AMEPA - Weltweit f\u00fcr Sie da.<\/title>\n<meta name=\"description\" content=\"Mit unseren Tochterfirmen und Vertriebspartnern sind wir f\u00fcr Sie vor Ort erreichbar: regional, kompetent, zuverl\u00e4ssig und in Ihrer Landessprache.\" \/>\n<meta name=\"robots\" content=\"index, follow, max-snippet:-1, max-image-preview:large, max-video-preview:-1\" \/>\n<link rel=\"canonical\" href=\"https:\/\/amepa.com\/de\/vertriebspartner\/\" \/>\n<meta property=\"og:locale\" content=\"de_DE\" \/>\n<meta property=\"og:type\" content=\"article\" \/>\n<meta property=\"og:title\" content=\"Vertriebspartner\" \/>\n<meta property=\"og:description\" content=\"VertriebspartnerAls Global Player ist AMEPA mit ihren Tochterfirmen und Vertriebspartnern f\u00fcr Sie vor Ort: regional, kompetent, zuverl\u00e4ssig und in Ihrer\" \/>\n<meta property=\"og:url\" content=\"https:\/\/amepa.com\/de\/vertriebspartner\/\" \/>\n<meta property=\"og:site_name\" content=\"Amepa GmbH\" \/>\n<meta property=\"article:modified_time\" content=\"2025-03-20T11:40:47+00:00\" \/>\n<meta property=\"og:image\" content=\"https:\/\/amepa.com\/wp-content\/uploads\/2021\/05\/unternehmen.jpg\" \/>\n\t<meta property=\"og:image:width\" content=\"1200\" \/>\n\t<meta property=\"og:image:height\" content=\"627\" \/>\n\t<meta property=\"og:image:type\" content=\"image\/jpeg\" \/>\n<meta name=\"twitter:label1\" content=\"Gesch\u00e4tzte Lesezeit\" \/>\n\t<meta name=\"twitter:data1\" content=\"4\u00a0Minuten\" \/>\n<script type=\"application\/ld+json\" class=\"yoast-schema-graph\">{\"@context\":\"https:\/\/schema.org\",\"@graph\":[{\"@type\":\"WebPage\",\"@id\":\"https:\/\/amepa.com\/de\/vertriebspartner\/\",\"url\":\"https:\/\/amepa.com\/de\/vertriebspartner\/\",\"name\":\"AMEPA - Weltweit f\u00fcr Sie da.\",\"isPartOf\":{\"@id\":\"https:\/\/amepa.com\/de\/#website\"},\"datePublished\":\"2014-11-20T20:15:49+00:00\",\"dateModified\":\"2025-03-20T11:40:47+00:00\",\"description\":\"Mit unseren Tochterfirmen und Vertriebspartnern sind wir f\u00fcr Sie vor Ort erreichbar: regional, kompetent, zuverl\u00e4ssig und in Ihrer Landessprache.\",\"breadcrumb\":{\"@id\":\"https:\/\/amepa.com\/de\/vertriebspartner\/#breadcrumb\"},\"inLanguage\":\"de\",\"potentialAction\":[{\"@type\":\"ReadAction\",\"target\":[\"https:\/\/amepa.com\/de\/vertriebspartner\/\"]}]},{\"@type\":\"BreadcrumbList\",\"@id\":\"https:\/\/amepa.com\/de\/vertriebspartner\/#breadcrumb\",\"itemListElement\":[{\"@type\":\"ListItem\",\"position\":1,\"name\":\"Home\",\"item\":\"https:\/\/amepa.com\/de\/\"},{\"@type\":\"ListItem\",\"position\":2,\"name\":\"Vertriebspartner\"}]},{\"@type\":\"WebSite\",\"@id\":\"https:\/\/amepa.com\/de\/#website\",\"url\":\"https:\/\/amepa.com\/de\/\",\"name\":\"AMEPA America\",\"description\":\"Angewandte Messtechnik und Prozessautomatisierung GmbH\",\"alternateName\":\"AMEPA\",\"potentialAction\":[{\"@type\":\"SearchAction\",\"target\":{\"@type\":\"EntryPoint\",\"urlTemplate\":\"https:\/\/amepa.com\/de\/?s={search_term_string}\"},\"query-input\":{\"@type\":\"PropertyValueSpecification\",\"valueRequired\":true,\"valueName\":\"search_term_string\"}}],\"inLanguage\":\"de\"}]}<\/script>\n<!-- \/ Yoast SEO Premium plugin. -->","yoast_head_json":{"title":"AMEPA - Weltweit f\u00fcr Sie da.","description":"Mit unseren Tochterfirmen und Vertriebspartnern sind wir f\u00fcr Sie vor Ort erreichbar: regional, kompetent, zuverl\u00e4ssig und in Ihrer Landessprache.","robots":{"index":"index","follow":"follow","max-snippet":"max-snippet:-1","max-image-preview":"max-image-preview:large","max-video-preview":"max-video-preview:-1"},"canonical":"https:\/\/amepa.com\/de\/vertriebspartner\/","og_locale":"de_DE","og_type":"article","og_title":"Vertriebspartner","og_description":"VertriebspartnerAls Global Player ist AMEPA mit ihren Tochterfirmen und Vertriebspartnern f\u00fcr Sie vor Ort: regional, kompetent, zuverl\u00e4ssig und in Ihrer","og_url":"https:\/\/amepa.com\/de\/vertriebspartner\/","og_site_name":"Amepa GmbH","article_modified_time":"2025-03-20T11:40:47+00:00","og_image":[{"width":1200,"height":627,"url":"https:\/\/amepa.com\/wp-content\/uploads\/2021\/05\/unternehmen.jpg","type":"image\/jpeg"}],"twitter_misc":{"Gesch\u00e4tzte Lesezeit":"4\u00a0Minuten"},"schema":{"@context":"https:\/\/schema.org","@graph":[{"@type":"WebPage","@id":"https:\/\/amepa.com\/de\/vertriebspartner\/","url":"https:\/\/amepa.com\/de\/vertriebspartner\/","name":"AMEPA - Weltweit f\u00fcr Sie da.","isPartOf":{"@id":"https:\/\/amepa.com\/de\/#website"},"datePublished":"2014-11-20T20:15:49+00:00","dateModified":"2025-03-20T11:40:47+00:00","description":"Mit unseren Tochterfirmen und Vertriebspartnern sind wir f\u00fcr Sie vor Ort erreichbar: regional, kompetent, zuverl\u00e4ssig und in Ihrer Landessprache.","breadcrumb":{"@id":"https:\/\/amepa.com\/de\/vertriebspartner\/#breadcrumb"},"inLanguage":"de","potentialAction":[{"@type":"ReadAction","target":["https:\/\/amepa.com\/de\/vertriebspartner\/"]}]},{"@type":"BreadcrumbList","@id":"https:\/\/amepa.com\/de\/vertriebspartner\/#breadcrumb","itemListElement":[{"@type":"ListItem","position":1,"name":"Home","item":"https:\/\/amepa.com\/de\/"},{"@type":"ListItem","position":2,"name":"Vertriebspartner"}]},{"@type":"WebSite","@id":"https:\/\/amepa.com\/de\/#website","url":"https:\/\/amepa.com\/de\/","name":"AMEPA America","description":"Angewandte Messtechnik und Prozessautomatisierung GmbH","alternateName":"AMEPA","potentialAction":[{"@type":"SearchAction","target":{"@type":"EntryPoint","urlTemplate":"https:\/\/amepa.com\/de\/?s={search_term_string}"},"query-input":{"@type":"PropertyValueSpecification","valueRequired":true,"valueName":"search_term_string"}}],"inLanguage":"de"}]}},"_links":{"self":[{"href":"https:\/\/amepa.com\/de\/wp-json\/wp\/v2\/pages\/85","targetHints":{"allow":["GET"]}}],"collection":[{"href":"https:\/\/amepa.com\/de\/wp-json\/wp\/v2\/pages"}],"about":[{"href":"https:\/\/amepa.com\/de\/wp-json\/wp\/v2\/types\/page"}],"author":[{"embeddable":true,"href":"https:\/\/amepa.com\/de\/wp-json\/wp\/v2\/users\/1"}],"replies":[{"embeddable":true,"href":"https:\/\/amepa.com\/de\/wp-json\/wp\/v2\/comments?post=85"}],"version-history":[{"count":58,"href":"https:\/\/amepa.com\/de\/wp-json\/wp\/v2\/pages\/85\/revisions"}],"predecessor-version":[{"id":10072,"href":"https:\/\/amepa.com\/de\/wp-json\/wp\/v2\/pages\/85\/revisions\/10072"}],"wp:attachment":[{"href":"https:\/\/amepa.com\/de\/wp-json\/wp\/v2\/media?parent=85"}],"curies":[{"name":"wp","href":"https:\/\/api.w.org\/{rel}","templated":true}]}}