{"id":81,"date":"2014-11-20T22:15:02","date_gmt":"2014-11-20T20:15:02","guid":{"rendered":"http:\/\/amepa.com\/?page_id=81"},"modified":"2024-09-11T14:30:31","modified_gmt":"2024-09-11T12:30:31","slug":"einsatzbereiche","status":"publish","type":"page","link":"https:\/\/amepa.com\/de\/einsatzbereiche\/","title":{"rendered":"Einsatzbereiche"},"content":{"rendered":"<div class=\"wpb-content-wrapper\"><p>[vc_row full_width=&#8220;stretch_row&#8220; css=&#8220;.vc_custom_1614872652178{background-image: url(http:\/\/amepa.com\/wp-content\/uploads\/2021\/03\/img_header_Produkte-Einsatzbereiche.jpg?id=3935) !important;background-position: center !important;background-repeat: no-repeat !important;background-size: cover !important;}&#8220; el_class=&#8220;header-subpage&#8220;][vc_column][vc_column_text]Einsatzbereiche[\/vc_column_text][\/vc_column][\/vc_row][vc_row][vc_column width=&#8220;2\/3&#8243;][vc_custom_heading text=&#8220;Prozesssteuerung braucht Messtechnik&#8220; font_container=&#8220;tag:h1|text_align:left&#8220;][vc_column_text]Vom fl\u00fcssigen Stahl bis zum fertigen Bauteil begleiten unsere Messsysteme Sie durch Ihre Prozesse. Profitieren Sie von gro\u00dfen Einsparpotentialen, in dem Sie\u00a0 Ihre Qualit\u00e4t steigern, die Produktionsleistung erh\u00f6hen und Ihre Prozessparameter enger w\u00e4hlen, um Energie und wertvolle Ressourcen zu schonen.[\/vc_column_text][vc_single_image image=&#8220;5412&#8243; img_size=&#8220;large&#8220;][vc_custom_heading text=&#8220;Clean Steel &amp; Perfect Surface &#8211; Unsere Messungen im Hei\u00df- und Kaltbereich&#8220; font_container=&#8220;tag:h3|text_align:left&#8220;][vc_column_text]<strong>Schlackedetektion in der Fl\u00fcssigphase<\/strong><\/p>\n<p>Unsere Schlackedetektion am Lichtbogenofen, Konverter (TSD) und den Gie\u00dfpfannen (ESD) reduziert die in das Produkt gebrachte Schlacke \u00fcber alle Prozessschritte und erh\u00f6ht gleichzeitig \u00fcber eine Verringerung der Reststahlmenge die Ausbringung. Damit tragen die AMEPA Schlackedetektionssysteme erheblich zur Wirtschaftlichkeit des gesamten Prozesses bei.<br \/>\nStahl ist l\u00e4ngst ein Hightech-Produkt geworden und die Anforderungen an eng tolerierte Werkstoffeigenschaften und wiederholbare Qualit\u00e4t nimmt weiter zu. Mit einer zuverl\u00e4ssigen Schlackedetektion k\u00f6nnen Sie den Schlackenmitfluss reduzieren, Ihre Qualit\u00e4t steigern und damit die Anforderungen Ihrer Kunden erf\u00fcllen.<\/p>\n<p><strong>Oberfl\u00e4chenparameter von Blechen<\/strong><\/p>\n<p>Ob Aluminium oder Stahl, die Oberfl\u00e4chencharakteristik wird immer prozessrelevanter und die Anforderungen der Kunden immer produktspezifischer. Mit unseren Rauheits- (SRM), Welligkeits- (WMS) und \u00d6lauflagemesssystemen (OFM und OFIS) haben Sie Ihre Qualit\u00e4t jederzeit im Blick. Kleinste Fehlstellen auf dem Metallband k\u00f6nnen beim Kunden einen gro\u00dfen Ausschuss bedeuten. Im Karosseriebau sind mit den heutigen Designanforderungen und modernen D\u00fcnnschichtlacken kleinste Fehler auf Blechen am Endprodukt sofort sichtbar.<br \/>\nAbweichungen k\u00f6nnen Sie im Produktionsprozess oder w\u00e4hrend der Inspektion erkennen, beheben und somit dem Kunden h\u00f6chste Qualit\u00e4t liefern.[\/vc_column_text][vc_row_inner][vc_column_inner width=&#8220;1\/2&#8243;][vc_custom_heading text=&#8220;ESD&#8220; font_container=&#8220;tag:h4|text_align:left&#8220; el_class=&#8220;headline-blau&#8220;][vc_column_text]Die elektromagnetische Schlackedetektion ESD am Auslauf der Gie\u00dfpfanne ist Signalgeber, sobald Schlacke mitflie\u00dft. Mit dem automatischen Schlie\u00dfen des Schiebers wird die mitflie\u00dfende Schlackemenge bis zu 90 % reduziert, die Stahlausbringung gesteigert und die Reinheit des Stahls erh\u00f6ht. L\u00e4ngere Sequenzen und weniger Unterbrechungen tragen zur hohen Wirtschaftlichkeit bei.[\/vc_column_text][vc_custom_heading text=&#8220;TSD&#8220; font_container=&#8220;tag:h4|text_align:left&#8220; el_class=&#8220;headline-blau&#8220;][vc_column_text]AMEPA\u2019s optisches Schlackeerkennungssystem detektiert auf thermografischer Basis das Mitflie\u00dfen von Schlacke beim Umf\u00fcllen vom Oxygenstahlkonverter oder Elektroofen in die Pfanne. Das aus einer Infrarotkamera, einem Auswerterechner und einem Anzeigeger\u00e4t bestehende Messsystem unterst\u00fctzt den Anwender dabei, jeden Abstich zuverl\u00e4ssig zum optimalen Zeitpunkt zu beenden. Dadurch wird der Schlacke\u00fcbertrag in den n\u00e4chsten Prozessschritt minimiert und zeitraubende Abschlackvorg\u00e4nge vermieden.[\/vc_column_text][vc_custom_heading text=&#8220;SRM&#8220; font_container=&#8220;tag:h4|text_align:left&#8220; el_class=&#8220;headline-blau&#8220;][vc_column_text]Die Oberfl\u00e4chenrauheit ist ein relevanter Parameter f\u00fcr die Prozessregelung der Texturierung in Dressierger\u00fcsten und qualit\u00e4tsentscheidend f\u00fcr die Weiterverarbeitung und Formgebung von Produkten. Typische Anwendungen finden sich in Walzwerken bei der kontinuierlichen \u00dcberpr\u00fcfung von Coils und in Presswerken bei der Platinenkontrolle von Produkten der Automobilbranche.[\/vc_column_text][\/vc_column_inner][vc_column_inner width=&#8220;1\/2&#8243;][vc_custom_heading text=&#8220;WMS&#8220; font_container=&#8220;tag:h4|text_align:left&#8220; el_class=&#8220;headline-blau&#8220;][vc_column_text]Rechtzeitiges Erkennen von Welligkeitswerten au\u00dferhalb von Toleranzen dient der optimalen Prozessregelung, erm\u00f6glicht kurze Ansprechzeiten und erh\u00f6ht die Dynamik. Wsa-Messungen sind bis zu einer Bandgeschwindigkeit von 180 m\/min m\u00f6glich, bewegen sich in einem Messbereich f\u00fcr Wsa von 0,1 bis 1 \u00b5m, bei einer Wsa-Aufl\u00f6sung von 0,001 \u00b5m.[\/vc_column_text][vc_custom_heading text=&#8220;OFM&#8220; font_container=&#8220;tag:h4|text_align:left&#8220; el_class=&#8220;headline-blau&#8220;][vc_column_text]Die OFM \u00d6lfilmmessung findet Anwendung in der Stahl-, Aluminium- und Automobilproduktion. Anwender im Walzwerk und im Presswerk nutzen die Messergebnisse zur Optimierung ihrer Prozesse. Die rechtzeitige Erkennung von Be\u00f6lungsfehlern mit sofortiger Online-Warnung reduziert die Anzahl von Kundenreklamationen und Fehlproduktionen.[\/vc_column_text][vc_custom_heading text=&#8220;OFIS&#8220; font_container=&#8220;tag:h4|text_align:left&#8220; el_class=&#8220;headline-blau&#8220;][vc_column_text]\u00d6lfilmmessung mit dem Handmessger\u00e4t OFIS ist in seiner industrietauglichen Ausstattung f\u00fcr den Einsatz direkt am Produktionsplatz vorgesehen. Es erm\u00f6glicht die sichere Erkennung von trockenen Streifen und Fehlbe\u00f6lungen, die sofortige Warnung bei Abweichungen der Be\u00f6lung und bietet die Langzeitarchivierung der Qualit\u00e4tsdaten f\u00fcr TQM.[\/vc_column_text][\/vc_column_inner][\/vc_row_inner][vc_column_text css=&#8220;.vc_custom_1611914653151{margin-top: 30px !important;margin-bottom: 30px !important;}&#8220;]<div id=\"metaslider-id-3587\" style=\"max-width: 2278px;\" class=\"ml-slider-3-101-0 ml-slider-pro-2-49-0 metaslider metaslider-flex metaslider-3587 ml-slider ms-theme-default has-thumb-nav\" role=\"region\" aria-label=\"Einsatzbereiche\" data-height=\"914\" data-width=\"2278\">\n    <div id=\"metaslider_container_3587\">\n        <div id=\"metaslider_3587\" class=\"flexslider\">\n            <ul class='slides'>\n                <li data-thumb=\"https:\/\/amepa.com\/wp-content\/uploads\/2021\/01\/img_parallax_stahlguss-150x100.jpg\" style=\"display: block; width: 100%;\" class=\"slide-3590 ms-image \" aria-roledescription=\"slide\" data-date=\"2021-01-29 12:03:20\"><img loading=\"lazy\" decoding=\"async\" src=\"https:\/\/amepa.com\/wp-content\/uploads\/2021\/01\/img_parallax_stahlguss-2278x914.jpg\" height=\"914\" width=\"2278\" alt=\"\" class=\"slider-3587 slide-3590 msDefaultImage\" title=\"img_parallax_stahlguss\" \/><\/li>\n                <li data-thumb=\"https:\/\/amepa.com\/wp-content\/uploads\/2021\/03\/img_einsatzbereiche_coils-150x100.jpg\" style=\"display: none; width: 100%;\" class=\"slide-3589 ms-image \" aria-roledescription=\"slide\" data-date=\"2021-01-29 11:58:18\"><img loading=\"lazy\" decoding=\"async\" src=\"https:\/\/amepa.com\/wp-content\/uploads\/2021\/03\/img_einsatzbereiche_coils-2278x914.jpg\" height=\"914\" width=\"2278\" alt=\"\" class=\"slider-3587 slide-3589 msDefaultImage\" title=\"img_einsatzbereiche_coils\" \/><\/li>\n                <li data-thumb=\"https:\/\/amepa.com\/wp-content\/uploads\/2021\/01\/img_parallax_fahrzeugfertigung-150x100.jpg\" style=\"display: none; width: 100%;\" class=\"slide-3588 ms-image \" aria-roledescription=\"slide\" data-date=\"2021-01-29 11:58:18\"><img loading=\"lazy\" decoding=\"async\" src=\"https:\/\/amepa.com\/wp-content\/uploads\/2021\/01\/img_parallax_fahrzeugfertigung-2278x914.jpg\" height=\"914\" width=\"2278\" alt=\"\" class=\"slider-3587 slide-3588 msDefaultImage\" title=\"img_parallax_fahrzeugfertigung\" \/><\/li>\n            <\/ul>\n        <\/div>\n        \n    <\/div>\n<\/div>[\/vc_column_text][\/vc_column][vc_column width=&#8220;1\/3&#8243;][vc_custom_heading text=&#8220;Zu den Produkten&#8220; font_container=&#8220;tag:h4|text_align:left&#8220; css=&#8220;.vc_custom_1611852113538{margin-right: 33% !important;}&#8220; el_class=&#8220;headline-blau&#8220;]<div tabindex=\"0\" class=\"ult-new-ib ult-ib-effect-style1  ult-ib-resp  \" data-min-width=\"768\" data-max-width=\"900\" style=\"\" data-opacity=\"1\" data-hover-opacity=\"1\" ><img decoding=\"async\" class=\"ult-new-ib-img\" style=\"opacity:1;\" alt=\"null\" src=\"https:\/\/amepa.com\/wp-content\/uploads\/2020\/12\/img_teaser_ESD.jpg\"   \/><div id=\"interactive-banner-wrap-6621\" class=\"ult-new-ib-desc\" style=\"\"><h2 class=\"ult-new-ib-title ult-responsive\"  data-ultimate-target='#interactive-banner-wrap-6621 .ult-new-ib-title'  data-responsive-json-new='{\"font-size\":\"\",\"line-height\":\"\"}'  style=\"font-weight:normal;\">ESD<\/h2><div class=\"ult-new-ib-content ult-responsive\"  data-ultimate-target='#interactive-banner-wrap-6621 .ult-new-ib-content'  data-responsive-json-new='{\"font-size\":\"\",\"line-height\":\"\"}'  style=\"font-weight:normal;\"><p>Elektromagnetische Schlackeerkennung<\/p><\/div><\/div><a class=\"ult-new-ib-link\" href=\"https:\/\/amepa.de\/produkte\/esd-elektromagnetische-schlackedetektion\/\" title=\"ESD\"  ><\/a><\/div><div tabindex=\"0\" class=\"ult-new-ib ult-ib-effect-style1  ult-ib-resp  \" data-min-width=\"768\" data-max-width=\"900\" style=\"\" data-opacity=\"1\" data-hover-opacity=\"1\" ><img decoding=\"async\" class=\"ult-new-ib-img\" style=\"opacity:1;\" alt=\"null\" src=\"https:\/\/amepa.com\/wp-content\/uploads\/2020\/12\/img_teaser_TSD.jpg\"   \/><div id=\"interactive-banner-wrap-6586\" class=\"ult-new-ib-desc\" style=\"\"><h2 class=\"ult-new-ib-title ult-responsive\"  data-ultimate-target='#interactive-banner-wrap-6586 .ult-new-ib-title'  data-responsive-json-new='{\"font-size\":\"\",\"line-height\":\"\"}'  style=\"font-weight:normal;\">TSD<\/h2><div class=\"ult-new-ib-content ult-responsive\"  data-ultimate-target='#interactive-banner-wrap-6586 .ult-new-ib-content'  data-responsive-json-new='{\"font-size\":\"\",\"line-height\":\"\"}'  style=\"font-weight:normal;\"><p>Thermographische Schlackeerkennung<\/p><\/div><\/div><a class=\"ult-new-ib-link\" href=\"https:\/\/amepa.de\/produkte\/tsd-schlackeerkennung\/\" title=\"TSD\"  ><\/a><\/div><div tabindex=\"0\" class=\"ult-new-ib ult-ib-effect-style1  ult-ib-resp  \" data-min-width=\"768\" data-max-width=\"900\" style=\"\" data-opacity=\"1\" data-hover-opacity=\"1\" ><img decoding=\"async\" class=\"ult-new-ib-img\" style=\"opacity:1;\" alt=\"null\" src=\"https:\/\/amepa.com\/wp-content\/uploads\/2020\/12\/img_teaser_SRM.jpg\"   \/><div id=\"interactive-banner-wrap-2493\" class=\"ult-new-ib-desc\" style=\"\"><h2 class=\"ult-new-ib-title ult-responsive\"  data-ultimate-target='#interactive-banner-wrap-2493 .ult-new-ib-title'  data-responsive-json-new='{\"font-size\":\"\",\"line-height\":\"\"}'  style=\"font-weight:normal;\">SRM<\/h2><div class=\"ult-new-ib-content ult-responsive\"  data-ultimate-target='#interactive-banner-wrap-2493 .ult-new-ib-content'  data-responsive-json-new='{\"font-size\":\"\",\"line-height\":\"\"}'  style=\"font-weight:normal;\"><p>Online-Rauheitsmessung<\/p><\/div><\/div><a class=\"ult-new-ib-link\" href=\"https:\/\/amepa.de\/produkte\/srm-rauigkeit\/\" title=\"SRM\"  ><\/a><\/div><div tabindex=\"0\" class=\"ult-new-ib ult-ib-effect-style1  ult-ib-resp  \" data-min-width=\"768\" data-max-width=\"900\" style=\"\" data-opacity=\"1\" data-hover-opacity=\"1\" ><img decoding=\"async\" class=\"ult-new-ib-img\" style=\"opacity:1;\" alt=\"null\" src=\"https:\/\/amepa.com\/wp-content\/uploads\/2020\/12\/img_teaser_WMS.jpg\"   \/><div id=\"interactive-banner-wrap-9358\" class=\"ult-new-ib-desc\" style=\"\"><h2 class=\"ult-new-ib-title ult-responsive\"  data-ultimate-target='#interactive-banner-wrap-9358 .ult-new-ib-title'  data-responsive-json-new='{\"font-size\":\"\",\"line-height\":\"\"}'  style=\"font-weight:normal;\">WMS<\/h2><div class=\"ult-new-ib-content ult-responsive\"  data-ultimate-target='#interactive-banner-wrap-9358 .ult-new-ib-content'  data-responsive-json-new='{\"font-size\":\"\",\"line-height\":\"\"}'  style=\"font-weight:normal;\"><p>Online-Welligkeitsmessung<\/p><\/div><\/div><a class=\"ult-new-ib-link\" href=\"https:\/\/amepa.de\/produkte\/wms-welligkeitsmessung\/\" title=\"Arbeitsschutz bei AMEPA\"  ><\/a><\/div><div tabindex=\"0\" class=\"ult-new-ib ult-ib-effect-style1  ult-ib-resp  \" data-min-width=\"768\" data-max-width=\"900\" style=\"\" data-opacity=\"1\" data-hover-opacity=\"1\" ><img decoding=\"async\" class=\"ult-new-ib-img\" style=\"opacity:1;\" alt=\"null\" src=\"https:\/\/amepa.com\/wp-content\/uploads\/2024\/09\/img_teaser_OFM-300.jpg\"   \/><div id=\"interactive-banner-wrap-7422\" class=\"ult-new-ib-desc\" style=\"\"><h2 class=\"ult-new-ib-title ult-responsive\"  data-ultimate-target='#interactive-banner-wrap-7422 .ult-new-ib-title'  data-responsive-json-new='{\"font-size\":\"\",\"line-height\":\"\"}'  style=\"font-weight:normal;\">OFM<\/h2><div class=\"ult-new-ib-content ult-responsive\"  data-ultimate-target='#interactive-banner-wrap-7422 .ult-new-ib-content'  data-responsive-json-new='{\"font-size\":\"\",\"line-height\":\"\"}'  style=\"font-weight:normal;\"><p>Online-\u00d6lauflagenmessung<\/p><\/div><\/div><a class=\"ult-new-ib-link\" href=\"https:\/\/amepa.de\/produkte\/ofm-online-oelfilmmessung\/\" title=\"OFM\"  ><\/a><\/div><div tabindex=\"0\" class=\"ult-new-ib ult-ib-effect-style1  ult-ib-resp  \" data-min-width=\"768\" data-max-width=\"900\" style=\"\" data-opacity=\"1\" data-hover-opacity=\"1\" ><img decoding=\"async\" class=\"ult-new-ib-img\" style=\"opacity:1;\" alt=\"null\" src=\"https:\/\/amepa.com\/wp-content\/uploads\/2024\/09\/img_teaser_OFIS-3-0_EN.jpg\"   \/><div id=\"interactive-banner-wrap-6039\" class=\"ult-new-ib-desc\" style=\"\"><h2 class=\"ult-new-ib-title ult-responsive\"  data-ultimate-target='#interactive-banner-wrap-6039 .ult-new-ib-title'  data-responsive-json-new='{\"font-size\":\"\",\"line-height\":\"\"}'  style=\"font-weight:normal;\">OFIS<\/h2><div class=\"ult-new-ib-content ult-responsive\"  data-ultimate-target='#interactive-banner-wrap-6039 .ult-new-ib-content'  data-responsive-json-new='{\"font-size\":\"\",\"line-height\":\"\"}'  style=\"font-weight:normal;\"><p>Portable \u00d6lauflagenmessung<\/p><\/div><\/div><a class=\"ult-new-ib-link\" href=\"https:\/\/amepa.de\/produkte\/ofis-oelschichtdickenmessung\/\" title=\"OFIS\"  ><\/a><\/div>[\/vc_column][\/vc_row][vc_row full_width=&#8220;stretch_row&#8220; el_class=&#8220;amepa-bg-call-to-action-rot&#8220; css=&#8220;.vc_custom_1611848639401{margin-top: 50px !important;}&#8220;][vc_column width=&#8220;1\/12&#8243;][\/vc_column][vc_column width=&#8220;5\/6&#8243;][vc_column_text]<\/p>\n<h2 style=\"text-align: center;\">Die Stahl-, Aluminium- und Automobilwelt vertraut seit Jahren dem Knowhow und dem Service von AMEPA.<\/h2>\n<p>[\/vc_column_text][vc_btn title=&#8220;Referenzen&#8220; align=&#8220;center&#8220; el_class=&#8220;amepa-button-style-3&#8243; link=&#8220;url:https%3A\/\/amepa.de%2Freferenzen%2F|title:Referenzen&#8220;][\/vc_column][vc_column width=&#8220;1\/12&#8243;][\/vc_column][\/vc_row]<\/p>\n<\/div>","protected":false},"excerpt":{"rendered":"<p>[vc_row full_width=&#8220;stretch_row&#8220; css=&#8220;.vc_custom_1614872652178{background-image: url(http:\/\/amepa.com\/wp-content\/uploads\/2021\/03\/img_header_Produkte-Einsatzbereiche.jpg?id=3935) !important;background-position: center !important;background-repeat: no-repeat !important;background-size: cover !important;}&#8220; el_class=&#8220;header-subpage&#8220;][vc_column][vc_column_text]Einsatzbereiche[\/vc_column_text][\/vc_column][\/vc_row][vc_row][vc_column width=&#8220;2\/3&#8243;][vc_custom_heading text=&#8220;Prozesssteuerung braucht Messtechnik&#8220; font_container=&#8220;tag:h1|text_align:left&#8220;][vc_column_text]Vom fl\u00fcssigen Stahl bis zum fertigen Bauteil begleiten unsere Messsysteme Sie durch Ihre Prozesse. Profitieren Sie von gro\u00dfen Einsparpotentialen, in dem Sie\u00a0 Ihre Qualit\u00e4t steigern, die Produktionsleistung erh\u00f6hen und Ihre Prozessparameter enger w\u00e4hlen, um Energie und wertvolle Ressourcen zu [&hellip;]<\/p>\n","protected":false},"author":1,"featured_media":0,"parent":0,"menu_order":0,"comment_status":"open","ping_status":"open","template":"","meta":{"_acf_changed":false,"footnotes":""},"class_list":["post-81","page","type-page","status-publish","hentry"],"acf":[],"yoast_head":"<!-- This site is optimized with the Yoast SEO Premium plugin v25.9 (Yoast SEO v25.9) - https:\/\/yoast.com\/wordpress\/plugins\/seo\/ -->\n<title>AMEPA - Einsatzgebiet Stahl-, Aluminium- und Automobilindustrie<\/title>\n<meta name=\"description\" content=\"Clean Steel und Perfect Surface - Vom fl\u00fcssigen Stahl bis zum fertigen Bauteil begleiten unsere Messsysteme Sie durch Ihre Prozesse.\" \/>\n<meta name=\"robots\" content=\"index, follow, max-snippet:-1, max-image-preview:large, max-video-preview:-1\" \/>\n<link rel=\"canonical\" href=\"https:\/\/amepa.com\/de\/einsatzbereiche\/\" \/>\n<meta property=\"og:locale\" content=\"de_DE\" \/>\n<meta property=\"og:type\" content=\"article\" \/>\n<meta property=\"og:title\" content=\"Einsatzbereiche\" \/>\n<meta property=\"og:description\" content=\"EinsatzbereicheVom fl\u00fcssigen Stahl bis zum fertigen Bauteil begleiten unsere Messsysteme Sie durch Ihre Prozesse. Profitieren Sie von gro\u00dfen\" \/>\n<meta property=\"og:url\" content=\"https:\/\/amepa.com\/de\/einsatzbereiche\/\" \/>\n<meta property=\"og:site_name\" content=\"Amepa GmbH\" \/>\n<meta property=\"article:modified_time\" content=\"2024-09-11T12:30:31+00:00\" \/>\n<meta property=\"og:image\" content=\"https:\/\/amepa.com\/wp-content\/uploads\/2021\/05\/unternehmen.jpg\" \/>\n\t<meta property=\"og:image:width\" content=\"1200\" \/>\n\t<meta property=\"og:image:height\" content=\"627\" \/>\n\t<meta property=\"og:image:type\" content=\"image\/jpeg\" \/>\n<meta name=\"twitter:label1\" content=\"Gesch\u00e4tzte Lesezeit\" \/>\n\t<meta name=\"twitter:data1\" content=\"4\u00a0Minuten\" \/>\n<script type=\"application\/ld+json\" class=\"yoast-schema-graph\">{\"@context\":\"https:\/\/schema.org\",\"@graph\":[{\"@type\":\"WebPage\",\"@id\":\"https:\/\/amepa.com\/de\/einsatzbereiche\/\",\"url\":\"https:\/\/amepa.com\/de\/einsatzbereiche\/\",\"name\":\"AMEPA - Einsatzgebiet Stahl-, Aluminium- und Automobilindustrie\",\"isPartOf\":{\"@id\":\"https:\/\/amepa.com\/de\/#website\"},\"datePublished\":\"2014-11-20T20:15:02+00:00\",\"dateModified\":\"2024-09-11T12:30:31+00:00\",\"description\":\"Clean Steel und Perfect Surface - Vom fl\u00fcssigen Stahl bis zum fertigen Bauteil begleiten unsere Messsysteme Sie durch Ihre Prozesse.\",\"breadcrumb\":{\"@id\":\"https:\/\/amepa.com\/de\/einsatzbereiche\/#breadcrumb\"},\"inLanguage\":\"de\",\"potentialAction\":[{\"@type\":\"ReadAction\",\"target\":[\"https:\/\/amepa.com\/de\/einsatzbereiche\/\"]}]},{\"@type\":\"BreadcrumbList\",\"@id\":\"https:\/\/amepa.com\/de\/einsatzbereiche\/#breadcrumb\",\"itemListElement\":[{\"@type\":\"ListItem\",\"position\":1,\"name\":\"Home\",\"item\":\"https:\/\/amepa.com\/de\/\"},{\"@type\":\"ListItem\",\"position\":2,\"name\":\"Einsatzbereiche\"}]},{\"@type\":\"WebSite\",\"@id\":\"https:\/\/amepa.com\/de\/#website\",\"url\":\"https:\/\/amepa.com\/de\/\",\"name\":\"AMEPA America\",\"description\":\"Angewandte Messtechnik und Prozessautomatisierung GmbH\",\"alternateName\":\"AMEPA\",\"potentialAction\":[{\"@type\":\"SearchAction\",\"target\":{\"@type\":\"EntryPoint\",\"urlTemplate\":\"https:\/\/amepa.com\/de\/?s={search_term_string}\"},\"query-input\":{\"@type\":\"PropertyValueSpecification\",\"valueRequired\":true,\"valueName\":\"search_term_string\"}}],\"inLanguage\":\"de\"}]}<\/script>\n<!-- \/ Yoast SEO Premium plugin. -->","yoast_head_json":{"title":"AMEPA - Einsatzgebiet Stahl-, Aluminium- und Automobilindustrie","description":"Clean Steel und Perfect Surface - Vom fl\u00fcssigen Stahl bis zum fertigen Bauteil begleiten unsere Messsysteme Sie durch Ihre Prozesse.","robots":{"index":"index","follow":"follow","max-snippet":"max-snippet:-1","max-image-preview":"max-image-preview:large","max-video-preview":"max-video-preview:-1"},"canonical":"https:\/\/amepa.com\/de\/einsatzbereiche\/","og_locale":"de_DE","og_type":"article","og_title":"Einsatzbereiche","og_description":"EinsatzbereicheVom fl\u00fcssigen Stahl bis zum fertigen Bauteil begleiten unsere Messsysteme Sie durch Ihre Prozesse. Profitieren Sie von gro\u00dfen","og_url":"https:\/\/amepa.com\/de\/einsatzbereiche\/","og_site_name":"Amepa GmbH","article_modified_time":"2024-09-11T12:30:31+00:00","og_image":[{"width":1200,"height":627,"url":"https:\/\/amepa.com\/wp-content\/uploads\/2021\/05\/unternehmen.jpg","type":"image\/jpeg"}],"twitter_misc":{"Gesch\u00e4tzte Lesezeit":"4\u00a0Minuten"},"schema":{"@context":"https:\/\/schema.org","@graph":[{"@type":"WebPage","@id":"https:\/\/amepa.com\/de\/einsatzbereiche\/","url":"https:\/\/amepa.com\/de\/einsatzbereiche\/","name":"AMEPA - Einsatzgebiet Stahl-, Aluminium- und Automobilindustrie","isPartOf":{"@id":"https:\/\/amepa.com\/de\/#website"},"datePublished":"2014-11-20T20:15:02+00:00","dateModified":"2024-09-11T12:30:31+00:00","description":"Clean Steel und Perfect Surface - Vom fl\u00fcssigen Stahl bis zum fertigen Bauteil begleiten unsere Messsysteme Sie durch Ihre Prozesse.","breadcrumb":{"@id":"https:\/\/amepa.com\/de\/einsatzbereiche\/#breadcrumb"},"inLanguage":"de","potentialAction":[{"@type":"ReadAction","target":["https:\/\/amepa.com\/de\/einsatzbereiche\/"]}]},{"@type":"BreadcrumbList","@id":"https:\/\/amepa.com\/de\/einsatzbereiche\/#breadcrumb","itemListElement":[{"@type":"ListItem","position":1,"name":"Home","item":"https:\/\/amepa.com\/de\/"},{"@type":"ListItem","position":2,"name":"Einsatzbereiche"}]},{"@type":"WebSite","@id":"https:\/\/amepa.com\/de\/#website","url":"https:\/\/amepa.com\/de\/","name":"AMEPA America","description":"Angewandte Messtechnik und Prozessautomatisierung GmbH","alternateName":"AMEPA","potentialAction":[{"@type":"SearchAction","target":{"@type":"EntryPoint","urlTemplate":"https:\/\/amepa.com\/de\/?s={search_term_string}"},"query-input":{"@type":"PropertyValueSpecification","valueRequired":true,"valueName":"search_term_string"}}],"inLanguage":"de"}]}},"_links":{"self":[{"href":"https:\/\/amepa.com\/de\/wp-json\/wp\/v2\/pages\/81","targetHints":{"allow":["GET"]}}],"collection":[{"href":"https:\/\/amepa.com\/de\/wp-json\/wp\/v2\/pages"}],"about":[{"href":"https:\/\/amepa.com\/de\/wp-json\/wp\/v2\/types\/page"}],"author":[{"embeddable":true,"href":"https:\/\/amepa.com\/de\/wp-json\/wp\/v2\/users\/1"}],"replies":[{"embeddable":true,"href":"https:\/\/amepa.com\/de\/wp-json\/wp\/v2\/comments?post=81"}],"version-history":[{"count":77,"href":"https:\/\/amepa.com\/de\/wp-json\/wp\/v2\/pages\/81\/revisions"}],"predecessor-version":[{"id":9450,"href":"https:\/\/amepa.com\/de\/wp-json\/wp\/v2\/pages\/81\/revisions\/9450"}],"wp:attachment":[{"href":"https:\/\/amepa.com\/de\/wp-json\/wp\/v2\/media?parent=81"}],"curies":[{"name":"wp","href":"https:\/\/api.w.org\/{rel}","templated":true}]}}