{"id":77,"date":"2014-11-20T22:13:02","date_gmt":"2014-11-20T20:13:02","guid":{"rendered":"http:\/\/amepa.com\/?page_id=77"},"modified":"2025-03-19T15:39:35","modified_gmt":"2025-03-19T13:39:35","slug":"service","status":"publish","type":"page","link":"https:\/\/amepa.com\/de\/service\/","title":{"rendered":"Service"},"content":{"rendered":"<div class=\"wpb-content-wrapper\"><p>[vc_row full_width=&#8220;stretch_row&#8220; css=&#8220;.vc_custom_1614872546437{background-image: url(http:\/\/amepa.com\/wp-content\/uploads\/2021\/03\/img_header_Service_neu.jpg?id=3936) !important;background-position: center !important;background-repeat: no-repeat !important;background-size: cover !important;}&#8220; el_class=&#8220;header-subpage&#8220;][vc_column][vc_column_text]Service[\/vc_column_text][\/vc_column][\/vc_row][vc_row][vc_column width=&#8220;2\/3&#8243;][vc_custom_heading text=&#8220;Das AMEPA Service-Team \u2013 kompetent und engagiert&#8220; font_container=&#8220;tag:h1|text_align:left&#8220;][vc_column_text css=&#8220;.vc_custom_1622042359272{margin-bottom: 50px !important;}&#8220;]Bei uns kaufen Sie nicht nur ein Messsystem.<\/p>\n<p>Wir haben Ihre langfristige Zufriedenheit im Blick und bieten Ihnen umfassenden Service von der Beratung in der Konzeptphase bis zum Service im t\u00e4glichen Betrieb.<\/p>\n<p>AMEPA verf\u00fcgt \u00fcber ein Team international erfahrener Serviceingenieure und ein weltweites Partnernetz mit Ansprechpartnern in Ihrer N\u00e4he. Auch nach der Inbetriebnahme bleibt unser Servicemitarbeiter Ihr pers\u00f6nlicher Ansprechpartner.<\/p>\n<p>Wir gehen individuell auf Ihre Anforderungen und \u00f6rtlichen Gegebenheiten ein und bieten Ihnen ma\u00dfgeschneiderte Servicepakete an, auch f\u00fcr Ihre Ersatzteilversorgung.<\/p>\n<p>Gerne bieten wir Ihnen Servicevertr\u00e4ge an, bei denen wir Sie schnell und unkompliziert bei allen Fragen und Einstellungen rund um Ihr Qualit\u00e4tsmesssystem unterst\u00fctzen. Hier k\u00f6nnen ebenfalls Jahresinspektionen integriert werden, sodass Sie sicher sind, dass das AMEPA Messsystem zuverl\u00e4ssig und pr\u00e4zise die Qualit\u00e4t Ihrer Produkte sicherstellt.<\/p>\n<p>\u00dcber unseren Remote-Service helfen wir Ihnen noch schneller und effizienter.<br \/>\nBei internen und externen Audits unterst\u00fctzen wir Sie gerne.<\/p>\n<p>Ihre Zufriedenheit hat f\u00fcr AMEPA h\u00f6chste Priorit\u00e4t.[\/vc_column_text][vc_custom_heading text=&#8220;Service Standorte weltweit&#8220; font_container=&#8220;tag:h3|text_align:left&#8220;][vc_tta_accordion spacing=&#8220;10&#8243; gap=&#8220;10&#8243; active_section=&#8220;1&#8243; css=&#8220;.vc_custom_1611919888973{margin-bottom: 50px !important;}&#8220;][vc_tta_section title=&#8220;Deutschland&#8220; tab_id=&#8220;1609824657341-a7bcbbb8-5b6e1611917447295&#8243;][vc_row_inner][vc_column_inner][vc_column_text]<strong>AMEPA Angewandte Messtechnik und Prozessautomatisierung GmbH<\/strong><\/p>\n<p>Karl-Carstens-Str. 12<br \/>\n52146 W\u00fcrselen<br \/>\nDeutschland<\/p>\n<p>Telefon: <a href=\"tel:+492405408080\">+49 2405 40808-0<\/a><br \/>\nFax: <a href=\"tel:+4924054080844\">+49 2405 40808-44<\/a><\/p>\n<p><a href=\"mailto:info@amepa.de\">info@amepa.de<\/a>[\/vc_column_text][\/vc_column_inner][\/vc_row_inner][\/vc_tta_section][vc_tta_section title=&#8220;USA&#8220; tab_id=&#8220;1609824657501-1f258b9b-370c1611917447295&#8243;][vc_row_inner][vc_column_inner][vc_column_text]<strong>AMEPA America Inc.<\/strong><\/p>\n<p>31250 Solon Road, Unit 17<br \/>\nSolon, OH 44139<\/p>\n<p>Telefon: <a href=\"tel:+14403370005\">+1 440 337 0005<\/a><br \/>\nFax: <a href=\"tel:+14403181027\">+1 440 318 1027<\/a><\/p>\n<p><a href=\"mailto:info@amepa.com\">info@amepa.com<\/a>[\/vc_column_text][\/vc_column_inner][\/vc_row_inner][\/vc_tta_section][vc_tta_section title=&#8220;China&#8220; tab_id=&#8220;1611917538754-e8db77db-34c0&#8243;][vc_row_inner][vc_column_inner][vc_column_text]<strong>AMEPA Trading (Shanghai) Co., Ltd.<\/strong><\/p>\n<p>Room 19B, Building A<br \/>\nYueda International,<br \/>\nChangshou Rd. 1118,<br \/>\nPutuo District<br \/>\n200042 Shanghai<\/p>\n<p>Telefon: <a href=\"tel:+862164478501\">+86 21 64478501<\/a><br \/>\nFax: <a href=\"tel:+862164478502\">+86 21 64478502<\/a><\/p>\n<p><a href=\"mailto:info@amepa.sh.cn\">info@amepa.sh.cn<\/a>[\/vc_column_text][\/vc_column_inner][\/vc_row_inner][\/vc_tta_section][vc_tta_section title=&#8220;Japan&#8220; tab_id=&#8220;1615799758216-d5681cbb-a810&#8243;][vc_row_inner][vc_column_inner][vc_column_text]<strong>J-Tec Inc.<\/strong><\/p>\n<p>Goto BLDG. 5F<br \/>\n2-19-12 Sotokanda<br \/>\nChiyoda-ku Tokyo 101-0021<\/p>\n<p>Telefon: <a href=\"tel:+81352566701\">+81 3 5256-6701<\/a><br \/>\nFax: <a href=\"tel:+81352566705\">+81 3 5256-6705<\/a><\/p>\n<p><a href=\"mailto:k.ishimoto@j-tec-inc.co.jp\">k.ishimoto@j-tec-inc.co.jp<\/a>[\/vc_column_text][\/vc_column_inner][\/vc_row_inner][\/vc_tta_section][\/vc_tta_accordion][\/vc_column][vc_column width=&#8220;1\/3&#8243;][vc_row_inner el_class=&#8220;download-frame&#8220;][vc_column_inner][vc_custom_heading text=&#8220;Download&#8220; font_container=&#8220;tag:h4|text_align:left&#8220; el_class=&#8220;headline-blau&#8220;][vc_column_text css=&#8220;&#8220;]<\/p>\n<ul>\n<li><a href=\"http:\/\/amepa.com\/wp-content\/uploads\/2025\/03\/Amepa_Broschuere_Image_DE_2025-03_Web.pdf\" target=\"_blank\" rel=\"noopener\">Imagebrosch\u00fcre AMEPA<\/a><\/li>\n<\/ul>\n<p>[\/vc_column_text][\/vc_column_inner][\/vc_row_inner][\/vc_column][\/vc_row][vc_row full_width=&#8220;stretch_row_content&#8220; parallax=&#8220;content-moving-fade&#8220; parallax_image=&#8220;4081&#8243; css=&#8220;.vc_custom_1617184298922{margin-top: 30px !important;padding-top: 160px !important;padding-bottom: 160px !important;}&#8220;][vc_column][\/vc_column][\/vc_row][vc_row][vc_column width=&#8220;2\/3&#8243;][vc_custom_heading text=&#8220;Arbeitsschutz bei AMEPA&#8220; font_container=&#8220;tag:h3|text_align:left&#8220;][vc_row_inner][vc_column_inner width=&#8220;1\/4&#8243;][vc_single_image image=&#8220;9119&#8243; css=&#8220;&#8220;][\/vc_column_inner][vc_column_inner width=&#8220;3\/4&#8243;][vc_column_text]Die AMEPA GmbH hat das Ziel, ihre Aktivit\u00e4ten in einer sicheren und verantwortungsvollen Weise zu praktizieren. Aus diesem Grund verf\u00fcgt das Unternehmen \u00fcber ein von der Berufsgenossenschaft zertifiziertes Arbeitsschutzsystem (AMS). Zum AMS geh\u00f6ren das dauerhafte Bestreben nach kontinuierlicher Verbesserung und die zielgerichtete Einbindung des Arbeits- und Gesundheitsschutzes in alle betrieblichen Prozesse und Abl\u00e4ufe. Daraus wurden nachstehende Verhaltensleitlinien festgelegt:[\/vc_column_text][\/vc_column_inner][\/vc_row_inner][vc_column_text css=&#8220;.vc_custom_1622455864234{margin-bottom: 80px !important;}&#8220;]<\/p>\n<ul>\n<li>Unfallverh\u00fctung und Gesundheitsschutz sind wichtig f\u00fcr die Leistungsf\u00e4higkeit und die Leistungsbereitschaft und tragen somit zu unserer Wettbewerbsf\u00e4higkeit ma\u00dfgeblich bei.<\/li>\n<li>Die Sicherheit und Gesundheit unserer Mitarbeiter und Mitarbeiterinnen bei der Arbeit zu gew\u00e4hrleisten hat h\u00f6chste Priorit\u00e4t.<\/li>\n<li>Arbeitsschutz ist ein Teil der F\u00fchrungsaufgabe. Es geh\u00f6rt zu den Pflichten aller, an der Erreichung der Ziele des Arbeitsschutzes im Rahmen ihrer M\u00f6glichkeiten eigenverantwortlich mitzuwirken.<\/li>\n<li>Arbeitsschutz und wirtschaftliches Handeln bilden keinen Gegensatz. Sicherheit und Gesundheit haben Vorrang vor wirtschaftlichen \u00dcberlegungen.<\/li>\n<li>Gesch\u00e4ftsf\u00fchrung und Betriebsrat sind sich darin einig, dass die Ziele des Arbeitsschutzes einschlie\u00dflich der menschengerechten Gestaltung der Arbeit gemeinsam zu verfolgen sind.<\/li>\n<li>Zum Schutz der Umwelt ist unser Umgang mit Gefahrstoffen und den ben\u00f6tigten Ressourcen so gepr\u00e4gt, dass unser Umweltbewusstsein ein gutes Leben nicht nur f\u00fcr die jetzige sondern auch f\u00fcr die nachfolgende Generation erm\u00f6glichen soll.<\/li>\n<\/ul>\n<p>[\/vc_column_text][\/vc_column][vc_column width=&#8220;1\/3&#8243;][\/vc_column][\/vc_row]<\/p>\n<\/div>","protected":false},"excerpt":{"rendered":"<p>[vc_row full_width=&#8220;stretch_row&#8220; css=&#8220;.vc_custom_1614872546437{background-image: url(http:\/\/amepa.com\/wp-content\/uploads\/2021\/03\/img_header_Service_neu.jpg?id=3936) !important;background-position: center !important;background-repeat: no-repeat !important;background-size: cover !important;}&#8220; el_class=&#8220;header-subpage&#8220;][vc_column][vc_column_text]Service[\/vc_column_text][\/vc_column][\/vc_row][vc_row][vc_column width=&#8220;2\/3&#8243;][vc_custom_heading text=&#8220;Das AMEPA Service-Team \u2013 kompetent und engagiert&#8220; font_container=&#8220;tag:h1|text_align:left&#8220;][vc_column_text css=&#8220;.vc_custom_1622042359272{margin-bottom: 50px !important;}&#8220;]Bei uns kaufen Sie nicht nur ein Messsystem. Wir haben Ihre langfristige Zufriedenheit im Blick und bieten Ihnen umfassenden Service von der Beratung in der Konzeptphase bis zum Service im t\u00e4glichen Betrieb. [&hellip;]<\/p>\n","protected":false},"author":1,"featured_media":0,"parent":0,"menu_order":0,"comment_status":"open","ping_status":"open","template":"","meta":{"_acf_changed":false,"footnotes":""},"class_list":["post-77","page","type-page","status-publish","hentry"],"acf":[],"yoast_head":"<!-- This site is optimized with the Yoast SEO Premium plugin v25.9 (Yoast SEO v25.9) - https:\/\/yoast.com\/wordpress\/plugins\/seo\/ -->\n<title>AMEPA - Service - kompetent und engagiert<\/title>\n<meta name=\"description\" content=\"Unsere international erfahrenen Service-Ingenieuren bieten Ihnen umfassende Serviceleistungen, von der Konzeptphase bis zum t\u00e4glichen Betrieb.\" \/>\n<meta name=\"robots\" content=\"index, follow, max-snippet:-1, max-image-preview:large, max-video-preview:-1\" \/>\n<link rel=\"canonical\" href=\"https:\/\/amepa.com\/de\/service\/\" \/>\n<meta property=\"og:locale\" content=\"de_DE\" \/>\n<meta property=\"og:type\" content=\"article\" \/>\n<meta property=\"og:title\" content=\"Service\" \/>\n<meta property=\"og:description\" content=\"ServiceBei uns kaufen Sie nicht nur ein Messsystem. Wir haben Ihre langfristige Zufriedenheit im Blick und bieten Ihnen umfassenden Service von der\" \/>\n<meta property=\"og:url\" content=\"https:\/\/amepa.com\/de\/service\/\" \/>\n<meta property=\"og:site_name\" content=\"Amepa GmbH\" \/>\n<meta property=\"article:modified_time\" content=\"2025-03-19T13:39:35+00:00\" \/>\n<meta property=\"og:image\" content=\"https:\/\/amepa.com\/wp-content\/uploads\/2021\/05\/unternehmen.jpg\" \/>\n\t<meta property=\"og:image:width\" content=\"1200\" \/>\n\t<meta property=\"og:image:height\" content=\"627\" \/>\n\t<meta property=\"og:image:type\" content=\"image\/jpeg\" \/>\n<meta name=\"twitter:label1\" content=\"Gesch\u00e4tzte Lesezeit\" \/>\n\t<meta name=\"twitter:data1\" content=\"4\u00a0Minuten\" \/>\n<script type=\"application\/ld+json\" class=\"yoast-schema-graph\">{\"@context\":\"https:\/\/schema.org\",\"@graph\":[{\"@type\":\"WebPage\",\"@id\":\"https:\/\/amepa.com\/de\/service\/\",\"url\":\"https:\/\/amepa.com\/de\/service\/\",\"name\":\"AMEPA - Service - kompetent und engagiert\",\"isPartOf\":{\"@id\":\"https:\/\/amepa.com\/de\/#website\"},\"datePublished\":\"2014-11-20T20:13:02+00:00\",\"dateModified\":\"2025-03-19T13:39:35+00:00\",\"description\":\"Unsere international erfahrenen Service-Ingenieuren bieten Ihnen umfassende Serviceleistungen, von der Konzeptphase bis zum t\u00e4glichen Betrieb.\",\"breadcrumb\":{\"@id\":\"https:\/\/amepa.com\/de\/service\/#breadcrumb\"},\"inLanguage\":\"de\",\"potentialAction\":[{\"@type\":\"ReadAction\",\"target\":[\"https:\/\/amepa.com\/de\/service\/\"]}]},{\"@type\":\"BreadcrumbList\",\"@id\":\"https:\/\/amepa.com\/de\/service\/#breadcrumb\",\"itemListElement\":[{\"@type\":\"ListItem\",\"position\":1,\"name\":\"Home\",\"item\":\"https:\/\/amepa.com\/de\/\"},{\"@type\":\"ListItem\",\"position\":2,\"name\":\"Service\"}]},{\"@type\":\"WebSite\",\"@id\":\"https:\/\/amepa.com\/de\/#website\",\"url\":\"https:\/\/amepa.com\/de\/\",\"name\":\"AMEPA America\",\"description\":\"Angewandte Messtechnik und Prozessautomatisierung GmbH\",\"alternateName\":\"AMEPA\",\"potentialAction\":[{\"@type\":\"SearchAction\",\"target\":{\"@type\":\"EntryPoint\",\"urlTemplate\":\"https:\/\/amepa.com\/de\/?s={search_term_string}\"},\"query-input\":{\"@type\":\"PropertyValueSpecification\",\"valueRequired\":true,\"valueName\":\"search_term_string\"}}],\"inLanguage\":\"de\"}]}<\/script>\n<!-- \/ Yoast SEO Premium plugin. -->","yoast_head_json":{"title":"AMEPA - Service - kompetent und engagiert","description":"Unsere international erfahrenen Service-Ingenieuren bieten Ihnen umfassende Serviceleistungen, von der Konzeptphase bis zum t\u00e4glichen Betrieb.","robots":{"index":"index","follow":"follow","max-snippet":"max-snippet:-1","max-image-preview":"max-image-preview:large","max-video-preview":"max-video-preview:-1"},"canonical":"https:\/\/amepa.com\/de\/service\/","og_locale":"de_DE","og_type":"article","og_title":"Service","og_description":"ServiceBei uns kaufen Sie nicht nur ein Messsystem. Wir haben Ihre langfristige Zufriedenheit im Blick und bieten Ihnen umfassenden Service von der","og_url":"https:\/\/amepa.com\/de\/service\/","og_site_name":"Amepa GmbH","article_modified_time":"2025-03-19T13:39:35+00:00","og_image":[{"width":1200,"height":627,"url":"https:\/\/amepa.com\/wp-content\/uploads\/2021\/05\/unternehmen.jpg","type":"image\/jpeg"}],"twitter_misc":{"Gesch\u00e4tzte Lesezeit":"4\u00a0Minuten"},"schema":{"@context":"https:\/\/schema.org","@graph":[{"@type":"WebPage","@id":"https:\/\/amepa.com\/de\/service\/","url":"https:\/\/amepa.com\/de\/service\/","name":"AMEPA - Service - kompetent und engagiert","isPartOf":{"@id":"https:\/\/amepa.com\/de\/#website"},"datePublished":"2014-11-20T20:13:02+00:00","dateModified":"2025-03-19T13:39:35+00:00","description":"Unsere international erfahrenen Service-Ingenieuren bieten Ihnen umfassende Serviceleistungen, von der Konzeptphase bis zum t\u00e4glichen Betrieb.","breadcrumb":{"@id":"https:\/\/amepa.com\/de\/service\/#breadcrumb"},"inLanguage":"de","potentialAction":[{"@type":"ReadAction","target":["https:\/\/amepa.com\/de\/service\/"]}]},{"@type":"BreadcrumbList","@id":"https:\/\/amepa.com\/de\/service\/#breadcrumb","itemListElement":[{"@type":"ListItem","position":1,"name":"Home","item":"https:\/\/amepa.com\/de\/"},{"@type":"ListItem","position":2,"name":"Service"}]},{"@type":"WebSite","@id":"https:\/\/amepa.com\/de\/#website","url":"https:\/\/amepa.com\/de\/","name":"AMEPA America","description":"Angewandte Messtechnik und Prozessautomatisierung GmbH","alternateName":"AMEPA","potentialAction":[{"@type":"SearchAction","target":{"@type":"EntryPoint","urlTemplate":"https:\/\/amepa.com\/de\/?s={search_term_string}"},"query-input":{"@type":"PropertyValueSpecification","valueRequired":true,"valueName":"search_term_string"}}],"inLanguage":"de"}]}},"_links":{"self":[{"href":"https:\/\/amepa.com\/de\/wp-json\/wp\/v2\/pages\/77","targetHints":{"allow":["GET"]}}],"collection":[{"href":"https:\/\/amepa.com\/de\/wp-json\/wp\/v2\/pages"}],"about":[{"href":"https:\/\/amepa.com\/de\/wp-json\/wp\/v2\/types\/page"}],"author":[{"embeddable":true,"href":"https:\/\/amepa.com\/de\/wp-json\/wp\/v2\/users\/1"}],"replies":[{"embeddable":true,"href":"https:\/\/amepa.com\/de\/wp-json\/wp\/v2\/comments?post=77"}],"version-history":[{"count":83,"href":"https:\/\/amepa.com\/de\/wp-json\/wp\/v2\/pages\/77\/revisions"}],"predecessor-version":[{"id":10065,"href":"https:\/\/amepa.com\/de\/wp-json\/wp\/v2\/pages\/77\/revisions\/10065"}],"wp:attachment":[{"href":"https:\/\/amepa.com\/de\/wp-json\/wp\/v2\/media?parent=77"}],"curies":[{"name":"wp","href":"https:\/\/api.w.org\/{rel}","templated":true}]}}