{"id":7676,"date":"2023-04-14T11:42:06","date_gmt":"2023-04-14T09:42:06","guid":{"rendered":"http:\/\/amepa.com\/?page_id=7676"},"modified":"2025-03-19T15:24:16","modified_gmt":"2025-03-19T13:24:16","slug":"download","status":"publish","type":"page","link":"https:\/\/amepa.com\/de\/download\/","title":{"rendered":"Downloads"},"content":{"rendered":"<div class=\"wpb-content-wrapper\"><p>[vc_row full_width=&#8220;stretch_row&#8220; css=&#8220;.vc_custom_1681807475032{background-image: url(http:\/\/amepa.com\/wp-content\/uploads\/2023\/04\/img_header_Downloads.jpg?id=7717) !important;background-position: center !important;background-repeat: no-repeat !important;background-size: cover !important;}&#8220; el_class=&#8220;header-subpage&#8220;][vc_column][vc_column_text]Downloads[\/vc_column_text][\/vc_column][\/vc_row][vc_row css=&#8220;.vc_custom_1610466233234{margin-bottom: 30px !important;}&#8220;][vc_column width=&#8220;2\/3&#8243;][vc_custom_heading text=&#8220;Presseartikel&#8220; font_container=&#8220;tag:h1|text_align:left&#8220; use_theme_fonts=&#8220;yes&#8220;][vc_basic_grid post_type=&#8220;downloads&#8220; max_items=&#8220;-1&#8243; style=&#8220;pagination&#8220; element_width=&#8220;12&#8243; arrows_design=&#8220;vc_arrow-icon-arrow_09_left&#8220; arrows_position=&#8220;outside&#8220; paging_design=&#8220;pagination_default&#8220; item=&#8220;7684&#8243; grid_id=&#8220;vc_gid:1742390550405-3f918c86-315f-8&#8243; el_class=&#8220;amepa-download&#8220;][\/vc_column][vc_column width=&#8220;1\/3&#8243;][vc_row_inner el_class=&#8220;download-frame&#8220;][vc_column_inner][vc_custom_heading text=&#8220;Brosch\u00fcren&#8220; font_container=&#8220;tag:h4|text_align:left&#8220; el_class=&#8220;headline-blau&#8220;][vc_column_text css=&#8220;&#8220;]<\/p>\n<ul>\n<li><a href=\"http:\/\/amepa.com\/wp-content\/uploads\/2025\/03\/Amepa_Broschuere_ESD_DE_2025-03_Web.pdf\" target=\"_blank\" rel=\"noopener\">Brosch\u00fcre ESD<\/a><\/li>\n<li><a href=\"http:\/\/amepa.com\/wp-content\/uploads\/2025\/03\/Amepa_Broschuere_TSD_DE_2025-03_Web.pdf\" target=\"_blank\" rel=\"noopener\">Brosch\u00fcre TSD<\/a><\/li>\n<li><a href=\"http:\/\/amepa.com\/wp-content\/uploads\/2025\/03\/Amepa_Broschuere_SRM_DE_2025-03_Web.pdf\" target=\"_blank\" rel=\"noopener\">Brosch\u00fcre SRM<\/a><\/li>\n<li><a href=\"http:\/\/amepa.com\/wp-content\/uploads\/2025\/03\/Amepa_Broschuere_WMS_DE_2025-03_Web.pdf\" target=\"_blank\" rel=\"noopener\">Brosch\u00fcre WMS<\/a><\/li>\n<li><a href=\"http:\/\/amepa.com\/wp-content\/uploads\/2025\/03\/Amepa_Broschuere_OFM_DE_2025-03_Web.pdf\" target=\"_blank\" rel=\"noopener\">Brosch\u00fcre OFM<\/a><\/li>\n<li><a href=\"http:\/\/amepa.com\/wp-content\/uploads\/2025\/03\/Amepa_Broschuere_OFIS_DE_2025-03_Web.pdf\" target=\"_blank\" rel=\"noopener\">Brosch\u00fcre OFIS<\/a><\/li>\n<li><a href=\"http:\/\/amepa.com\/wp-content\/uploads\/2025\/03\/Amepa_Broschuere_Image_DE_2025-03_Web.pdf\" target=\"_blank\" rel=\"noopener\">Imagebrosch\u00fcre AMEPA<\/a><\/li>\n<\/ul>\n<p>[\/vc_column_text][\/vc_column_inner][\/vc_row_inner][\/vc_column][\/vc_row]<\/p>\n<\/div>","protected":false},"excerpt":{"rendered":"<p>[vc_row full_width=&#8220;stretch_row&#8220; css=&#8220;.vc_custom_1681807475032{background-image: url(http:\/\/amepa.com\/wp-content\/uploads\/2023\/04\/img_header_Downloads.jpg?id=7717) !important;background-position: center !important;background-repeat: no-repeat !important;background-size: cover !important;}&#8220; el_class=&#8220;header-subpage&#8220;][vc_column][vc_column_text]Downloads[\/vc_column_text][\/vc_column][\/vc_row][vc_row css=&#8220;.vc_custom_1610466233234{margin-bottom: 30px !important;}&#8220;][vc_column width=&#8220;2\/3&#8243;][vc_custom_heading text=&#8220;Presseartikel&#8220; font_container=&#8220;tag:h1|text_align:left&#8220; use_theme_fonts=&#8220;yes&#8220;][vc_basic_grid post_type=&#8220;downloads&#8220; max_items=&#8220;-1&#8243; style=&#8220;pagination&#8220; element_width=&#8220;12&#8243; arrows_design=&#8220;vc_arrow-icon-arrow_09_left&#8220; arrows_position=&#8220;outside&#8220; paging_design=&#8220;pagination_default&#8220; item=&#8220;7684&#8243; grid_id=&#8220;vc_gid:1742390550405-3f918c86-315f-8&#8243; el_class=&#8220;amepa-download&#8220;][\/vc_column][vc_column width=&#8220;1\/3&#8243;][vc_row_inner el_class=&#8220;download-frame&#8220;][vc_column_inner][vc_custom_heading text=&#8220;Brosch\u00fcren&#8220; font_container=&#8220;tag:h4|text_align:left&#8220; el_class=&#8220;headline-blau&#8220;][vc_column_text css=&#8220;&#8220;] Brosch\u00fcre ESD Brosch\u00fcre TSD Brosch\u00fcre SRM Brosch\u00fcre WMS Brosch\u00fcre OFM Brosch\u00fcre OFIS Imagebrosch\u00fcre AMEPA [\/vc_column_text][\/vc_column_inner][\/vc_row_inner][\/vc_column][\/vc_row]<\/p>\n","protected":false},"author":1,"featured_media":0,"parent":0,"menu_order":0,"comment_status":"closed","ping_status":"closed","template":"","meta":{"_acf_changed":false,"footnotes":""},"class_list":["post-7676","page","type-page","status-publish","hentry"],"acf":[],"yoast_head":"<!-- This site is optimized with the Yoast SEO Premium plugin v25.9 (Yoast SEO v25.9) - https:\/\/yoast.com\/wordpress\/plugins\/seo\/ -->\n<title>AMEPA Downloads<\/title>\n<meta name=\"description\" content=\"Hier finden Sie aktuelle Meldungen sowie \u00e4ltere Artikel in unserem Newsarchiv.\u00a0\" \/>\n<meta name=\"robots\" content=\"index, follow, max-snippet:-1, max-image-preview:large, max-video-preview:-1\" \/>\n<link rel=\"canonical\" href=\"https:\/\/amepa.com\/de\/download\/\" \/>\n<meta property=\"og:locale\" content=\"de_DE\" \/>\n<meta property=\"og:type\" content=\"article\" \/>\n<meta property=\"og:title\" content=\"Amepa GmbH Downloads\" \/>\n<meta property=\"og:description\" content=\"Downloads   Brosch\u00fcre ESD  Brosch\u00fcre TSD  Brosch\u00fcre SRM  Brosch\u00fcre WMS  Brosch\u00fcre OFM  Brosch\u00fcre OFIS  Imagebrosch\u00fcre AMEPA\" \/>\n<meta property=\"og:url\" content=\"https:\/\/amepa.com\/de\/download\/\" \/>\n<meta property=\"og:site_name\" content=\"Amepa GmbH\" \/>\n<meta property=\"article:modified_time\" content=\"2025-03-19T13:24:16+00:00\" \/>\n<meta property=\"og:image\" content=\"https:\/\/amepa.com\/wp-content\/uploads\/2021\/05\/unternehmen.jpg\" \/>\n\t<meta property=\"og:image:width\" content=\"1200\" \/>\n\t<meta property=\"og:image:height\" content=\"627\" \/>\n\t<meta property=\"og:image:type\" content=\"image\/jpeg\" \/>\n<meta name=\"twitter:label1\" content=\"Gesch\u00e4tzte Lesezeit\" \/>\n\t<meta name=\"twitter:data1\" content=\"1\u00a0Minute\" \/>\n<script type=\"application\/ld+json\" class=\"yoast-schema-graph\">{\"@context\":\"https:\/\/schema.org\",\"@graph\":[{\"@type\":\"WebPage\",\"@id\":\"https:\/\/amepa.com\/de\/download\/\",\"url\":\"https:\/\/amepa.com\/de\/download\/\",\"name\":\"AMEPA Downloads\",\"isPartOf\":{\"@id\":\"https:\/\/amepa.com\/de\/#website\"},\"datePublished\":\"2023-04-14T09:42:06+00:00\",\"dateModified\":\"2025-03-19T13:24:16+00:00\",\"description\":\"Hier finden Sie aktuelle Meldungen sowie \u00e4ltere Artikel in unserem Newsarchiv.\u00a0\",\"breadcrumb\":{\"@id\":\"https:\/\/amepa.com\/de\/download\/#breadcrumb\"},\"inLanguage\":\"de\",\"potentialAction\":[{\"@type\":\"ReadAction\",\"target\":[\"https:\/\/amepa.com\/de\/download\/\"]}]},{\"@type\":\"BreadcrumbList\",\"@id\":\"https:\/\/amepa.com\/de\/download\/#breadcrumb\",\"itemListElement\":[{\"@type\":\"ListItem\",\"position\":1,\"name\":\"Home\",\"item\":\"https:\/\/amepa.com\/de\/\"},{\"@type\":\"ListItem\",\"position\":2,\"name\":\"Downloads\"}]},{\"@type\":\"WebSite\",\"@id\":\"https:\/\/amepa.com\/de\/#website\",\"url\":\"https:\/\/amepa.com\/de\/\",\"name\":\"AMEPA America\",\"description\":\"Angewandte Messtechnik und Prozessautomatisierung GmbH\",\"alternateName\":\"AMEPA\",\"potentialAction\":[{\"@type\":\"SearchAction\",\"target\":{\"@type\":\"EntryPoint\",\"urlTemplate\":\"https:\/\/amepa.com\/de\/?s={search_term_string}\"},\"query-input\":{\"@type\":\"PropertyValueSpecification\",\"valueRequired\":true,\"valueName\":\"search_term_string\"}}],\"inLanguage\":\"de\"}]}<\/script>\n<!-- \/ Yoast SEO Premium plugin. -->","yoast_head_json":{"title":"AMEPA Downloads","description":"Hier finden Sie aktuelle Meldungen sowie \u00e4ltere Artikel in unserem Newsarchiv.\u00a0","robots":{"index":"index","follow":"follow","max-snippet":"max-snippet:-1","max-image-preview":"max-image-preview:large","max-video-preview":"max-video-preview:-1"},"canonical":"https:\/\/amepa.com\/de\/download\/","og_locale":"de_DE","og_type":"article","og_title":"Amepa GmbH Downloads","og_description":"Downloads   Brosch\u00fcre ESD  Brosch\u00fcre TSD  Brosch\u00fcre SRM  Brosch\u00fcre WMS  Brosch\u00fcre OFM  Brosch\u00fcre OFIS  Imagebrosch\u00fcre AMEPA","og_url":"https:\/\/amepa.com\/de\/download\/","og_site_name":"Amepa GmbH","article_modified_time":"2025-03-19T13:24:16+00:00","og_image":[{"width":1200,"height":627,"url":"https:\/\/amepa.com\/wp-content\/uploads\/2021\/05\/unternehmen.jpg","type":"image\/jpeg"}],"twitter_misc":{"Gesch\u00e4tzte Lesezeit":"1\u00a0Minute"},"schema":{"@context":"https:\/\/schema.org","@graph":[{"@type":"WebPage","@id":"https:\/\/amepa.com\/de\/download\/","url":"https:\/\/amepa.com\/de\/download\/","name":"AMEPA Downloads","isPartOf":{"@id":"https:\/\/amepa.com\/de\/#website"},"datePublished":"2023-04-14T09:42:06+00:00","dateModified":"2025-03-19T13:24:16+00:00","description":"Hier finden Sie aktuelle Meldungen sowie \u00e4ltere Artikel in unserem Newsarchiv.\u00a0","breadcrumb":{"@id":"https:\/\/amepa.com\/de\/download\/#breadcrumb"},"inLanguage":"de","potentialAction":[{"@type":"ReadAction","target":["https:\/\/amepa.com\/de\/download\/"]}]},{"@type":"BreadcrumbList","@id":"https:\/\/amepa.com\/de\/download\/#breadcrumb","itemListElement":[{"@type":"ListItem","position":1,"name":"Home","item":"https:\/\/amepa.com\/de\/"},{"@type":"ListItem","position":2,"name":"Downloads"}]},{"@type":"WebSite","@id":"https:\/\/amepa.com\/de\/#website","url":"https:\/\/amepa.com\/de\/","name":"AMEPA America","description":"Angewandte Messtechnik und Prozessautomatisierung GmbH","alternateName":"AMEPA","potentialAction":[{"@type":"SearchAction","target":{"@type":"EntryPoint","urlTemplate":"https:\/\/amepa.com\/de\/?s={search_term_string}"},"query-input":{"@type":"PropertyValueSpecification","valueRequired":true,"valueName":"search_term_string"}}],"inLanguage":"de"}]}},"_links":{"self":[{"href":"https:\/\/amepa.com\/de\/wp-json\/wp\/v2\/pages\/7676","targetHints":{"allow":["GET"]}}],"collection":[{"href":"https:\/\/amepa.com\/de\/wp-json\/wp\/v2\/pages"}],"about":[{"href":"https:\/\/amepa.com\/de\/wp-json\/wp\/v2\/types\/page"}],"author":[{"embeddable":true,"href":"https:\/\/amepa.com\/de\/wp-json\/wp\/v2\/users\/1"}],"replies":[{"embeddable":true,"href":"https:\/\/amepa.com\/de\/wp-json\/wp\/v2\/comments?post=7676"}],"version-history":[{"count":38,"href":"https:\/\/amepa.com\/de\/wp-json\/wp\/v2\/pages\/7676\/revisions"}],"predecessor-version":[{"id":10058,"href":"https:\/\/amepa.com\/de\/wp-json\/wp\/v2\/pages\/7676\/revisions\/10058"}],"wp:attachment":[{"href":"https:\/\/amepa.com\/de\/wp-json\/wp\/v2\/media?parent=7676"}],"curies":[{"name":"wp","href":"https:\/\/api.w.org\/{rel}","templated":true}]}}