{"id":7402,"date":"2023-03-07T13:10:05","date_gmt":"2023-03-07T11:10:05","guid":{"rendered":"http:\/\/amepa.com\/?page_id=7402"},"modified":"2023-03-15T10:10:00","modified_gmt":"2023-03-15T08:10:00","slug":"geschaeftsleitung","status":"publish","type":"page","link":"https:\/\/amepa.com\/de\/geschaeftsleitung\/","title":{"rendered":"Gesch\u00e4ftsleitung"},"content":{"rendered":"<div class=\"wpb-content-wrapper\"><p>[vc_row full_width=&#8220;stretch_row&#8220; css=&#8220;.vc_custom_1675436380920{background-image: url(http:\/\/amepa.com\/wp-content\/uploads\/2023\/02\/img_header_Geschaeftsfuehrung.jpg?id=7444) !important;background-position: center !important;background-repeat: no-repeat !important;background-size: cover !important;}&#8220; el_class=&#8220;header-subpage&#8220;][vc_column][vc_column_text]Gesch\u00e4ftsleitung[\/vc_column_text][\/vc_column][\/vc_row][vc_row][vc_column][vc_custom_heading text=&#8220;Unser Fu\u0308hrungsteam&#8220; font_container=&#8220;tag:h1|text_align:left&#8220; use_theme_fonts=&#8220;yes&#8220;][\/vc_column][\/vc_row][vc_row css=&#8220;.vc_custom_1610466233234{margin-bottom: 30px !important;}&#8220;][vc_column width=&#8220;1\/3&#8243;][vc_single_image image=&#8220;7439&#8243; img_size=&#8220;large&#8220; alignment=&#8220;center&#8220;][vc_row_inner equal_height=&#8220;yes&#8220; content_placement=&#8220;top&#8220;][vc_column_inner width=&#8220;5\/6&#8243; offset=&#8220;vc_col-xs-10&#8243;][vc_custom_heading text=&#8220;Martin Fieweger&#8220; font_container=&#8220;tag:h4|text_align:left&#8220; el_class=&#8220;headline-blau&#8220; css=&#8220;.vc_custom_1675435037487{margin-top: 5px !important;margin-bottom: -16px !important;}&#8220;][vc_column_text]Gesch\u00e4ftsfu\u0308hrer[\/vc_column_text][\/vc_column_inner][vc_column_inner width=&#8220;1\/6&#8243; offset=&#8220;vc_col-xs-2&#8243;][vc_icon icon_fontawesome=&#8220;fab fa-linkedin&#8220; color=&#8220;custom&#8220; size=&#8220;lg&#8220; custom_color=&#8220;#a3a3a3&#8243; css=&#8220;.vc_custom_1677070571085{margin-bottom: 0px !important;}&#8220; link=&#8220;url:http%3A%2F%2Flinkedin.com%2Fin%2Fmartin-fieweger-0a400428|target:_blank&#8220;][\/vc_column_inner][\/vc_row_inner][vc_column_text]Martin Fieweger verantwortet seit 2019 in der Gesch\u00e4ftsleitung kompetent die Bereiche Vertrieb, Auftragsabwicklung, Konstruktion und Service. Mit Begeisterung ist er zus\u00e4tzlich f\u00fcr die beiden Tochterfirmen AMEPA America Inc. in Cleveland und AMEPA Trading Shanghai und unser Vertreternetzwerk global unterwegs. Seine langj\u00e4hrige Erfahrung im Bereich des internationalen Vertriebs und der Inbetriebnahmen von Messtechnik und Automatisierung in der Stahl- und Aluminiumindustrie bringt er in den Ausbau der weltweiten Vertriebs- und Serviceaufstellung ein.<\/p>\n<p><em>&#8222;Wer nicht will, findet Ausreden &#8211; Wer will, sucht L\u00f6sungen&#8220;<\/em>[\/vc_column_text][\/vc_column][vc_column width=&#8220;1\/3&#8243;][vc_single_image image=&#8220;7433&#8243; img_size=&#8220;large&#8220; alignment=&#8220;center&#8220;][vc_row_inner equal_height=&#8220;yes&#8220; content_placement=&#8220;top&#8220;][vc_column_inner width=&#8220;5\/6&#8243; offset=&#8220;vc_col-xs-10&#8243;][vc_custom_heading text=&#8220;Sigrid Enderwitz&#8220; font_container=&#8220;tag:h4|text_align:left&#8220; el_class=&#8220;headline-blau&#8220; css=&#8220;.vc_custom_1675435843412{margin-top: 5px !important;margin-bottom: -16px !important;}&#8220;][vc_column_text]Prokuristin[\/vc_column_text][\/vc_column_inner][vc_column_inner width=&#8220;1\/6&#8243; offset=&#8220;vc_col-xs-2&#8243;][\/vc_column_inner][\/vc_row_inner][vc_column_text]Sigrid Enderwitz, hat seit 1990 in den vielen Jahren ihrer Betriebszugeh\u00f6rigkeit die innerbetrieblichen Prozesse entscheidend gepr\u00e4gt und in unterschiedlichen Abteilungen gesteuert. Dies ist auch in Zukunft im Zuge der Digitalisierung der Schwerpunkt ihres Aufgabengebiets. Seit 2012 ist sie Prokuristin der Firma und verantwortet Finanzen, Controlling und das Personalwesen. Bew\u00e4hrtes beibehalten und Neues integrieren ist gleichzeitig ihr Motto und Programm.[\/vc_column_text][\/vc_column][vc_column width=&#8220;1\/3&#8243;][vc_single_image image=&#8220;7436&#8243; img_size=&#8220;large&#8220; alignment=&#8220;center&#8220;][vc_row_inner equal_height=&#8220;yes&#8220; content_placement=&#8220;top&#8220;][vc_column_inner width=&#8220;5\/6&#8243; offset=&#8220;vc_col-xs-10&#8243;][vc_custom_heading text=&#8220;Armin Kempkes&#8220; font_container=&#8220;tag:h4|text_align:left&#8220; el_class=&#8220;headline-blau&#8220; css=&#8220;.vc_custom_1675435868856{margin-top: 5px !important;margin-bottom: -16px !important;}&#8220;][vc_column_text]Gesch\u00e4ftsfu\u0308hrer[\/vc_column_text][\/vc_column_inner][vc_column_inner width=&#8220;1\/6&#8243; offset=&#8220;vc_col-xs-2&#8243;][vc_icon icon_fontawesome=&#8220;fab fa-linkedin&#8220; color=&#8220;custom&#8220; size=&#8220;lg&#8220; custom_color=&#8220;#a3a3a3&#8243; css=&#8220;.vc_custom_1677070612412{margin-bottom: 0px !important;}&#8220; link=&#8220;url:http%3A%2F%2Flinkedin.com%2Fin%2Farmin-kempkes-410ab9166|target:_blank&#8220;][\/vc_column_inner][\/vc_row_inner][vc_column_text]Armin Kempkes verantwortet seit 2019 engagiert die Ressorts Entwicklung und Produktion in der Gesch\u00e4ftsleitung. Seine langj\u00e4hrige Erfahrung aus der Entwicklung des globalen Gesch\u00e4fts mit Serviceprodukten und messtechnischen L\u00f6sungen bringt er in die Optimierung und Neuentwicklung des AMEPA Portfolios, in die zukunftsausgerichtete Aufstellung unserer Produktion und in effiziente Abl\u00e4ufe ein. International gut vernetzt kennt er die aktuellen Entwicklungen und bringt neue Impulse dort ein, wo sie Erfolg versprechen.<\/p>\n<p><em>&#8222;Als Marktf\u00fchrer \u00fcber fast 40 Jahre st\u00e4rken wir unser Portfolio, um unseren Erfolg weiter auszubauen!&#8220;<\/em>[\/vc_column_text][\/vc_column][\/vc_row]<\/p>\n<\/div>","protected":false},"excerpt":{"rendered":"<p>[vc_row full_width=&#8220;stretch_row&#8220; css=&#8220;.vc_custom_1675436380920{background-image: url(http:\/\/amepa.com\/wp-content\/uploads\/2023\/02\/img_header_Geschaeftsfuehrung.jpg?id=7444) !important;background-position: center !important;background-repeat: no-repeat !important;background-size: cover !important;}&#8220; el_class=&#8220;header-subpage&#8220;][vc_column][vc_column_text]Gesch\u00e4ftsleitung[\/vc_column_text][\/vc_column][\/vc_row][vc_row][vc_column][vc_custom_heading text=&#8220;Unser Fu\u0308hrungsteam&#8220; font_container=&#8220;tag:h1|text_align:left&#8220; use_theme_fonts=&#8220;yes&#8220;][\/vc_column][\/vc_row][vc_row css=&#8220;.vc_custom_1610466233234{margin-bottom: 30px !important;}&#8220;][vc_column width=&#8220;1\/3&#8243;][vc_single_image image=&#8220;7439&#8243; img_size=&#8220;large&#8220; alignment=&#8220;center&#8220;][vc_row_inner equal_height=&#8220;yes&#8220; content_placement=&#8220;top&#8220;][vc_column_inner width=&#8220;5\/6&#8243; offset=&#8220;vc_col-xs-10&#8243;][vc_custom_heading text=&#8220;Martin Fieweger&#8220; font_container=&#8220;tag:h4|text_align:left&#8220; el_class=&#8220;headline-blau&#8220; css=&#8220;.vc_custom_1675435037487{margin-top: 5px !important;margin-bottom: -16px !important;}&#8220;][vc_column_text]Gesch\u00e4ftsfu\u0308hrer[\/vc_column_text][\/vc_column_inner][vc_column_inner width=&#8220;1\/6&#8243; offset=&#8220;vc_col-xs-2&#8243;][vc_icon icon_fontawesome=&#8220;fab fa-linkedin&#8220; color=&#8220;custom&#8220; size=&#8220;lg&#8220; custom_color=&#8220;#a3a3a3&#8243; css=&#8220;.vc_custom_1677070571085{margin-bottom: 0px !important;}&#8220; link=&#8220;url:http%3A%2F%2Flinkedin.com%2Fin%2Fmartin-fieweger-0a400428|target:_blank&#8220;][\/vc_column_inner][\/vc_row_inner][vc_column_text]Martin Fieweger verantwortet seit 2019 in der Gesch\u00e4ftsleitung kompetent [&hellip;]<\/p>\n","protected":false},"author":2,"featured_media":0,"parent":0,"menu_order":0,"comment_status":"open","ping_status":"open","template":"","meta":{"_acf_changed":false,"footnotes":""},"class_list":["post-7402","page","type-page","status-publish","hentry"],"acf":[],"yoast_head":"<!-- This site is optimized with the Yoast SEO Premium plugin v25.9 (Yoast SEO v25.9) - https:\/\/yoast.com\/wordpress\/plugins\/seo\/ -->\n<title>AMEPA - Referenzen<\/title>\n<meta name=\"description\" content=\"Die AMEPA Schlackeerkennung, Rauheits- und \u00d6lschichtdickenmessung wird seit Jahren von marktf\u00fchrenden Unternehmen auf der ganzen Welt erfolgreich eingesetzt.\" \/>\n<meta name=\"robots\" content=\"index, follow, max-snippet:-1, max-image-preview:large, max-video-preview:-1\" \/>\n<link rel=\"canonical\" href=\"https:\/\/amepa.com\/de\/geschaeftsleitung\/\" \/>\n<meta property=\"og:locale\" content=\"de_DE\" \/>\n<meta property=\"og:type\" content=\"article\" \/>\n<meta property=\"og:title\" content=\"Gesch\u00e4ftsleitung\" \/>\n<meta property=\"og:description\" content=\"Gesch\u00e4ftsleitungGesch\u00e4ftsfu\u0308hrerMartin Fieweger verantwortet seit 2019 in der Gesch\u00e4ftsleitung kompetent die Bereiche Vertrieb, Auftragsabwicklung,\" \/>\n<meta property=\"og:url\" content=\"https:\/\/amepa.com\/de\/geschaeftsleitung\/\" \/>\n<meta property=\"og:site_name\" content=\"Amepa GmbH\" \/>\n<meta property=\"article:modified_time\" content=\"2023-03-15T08:10:00+00:00\" \/>\n<meta property=\"og:image\" content=\"https:\/\/amepa.com\/wp-content\/uploads\/2021\/05\/unternehmen.jpg\" \/>\n\t<meta property=\"og:image:width\" content=\"1200\" \/>\n\t<meta property=\"og:image:height\" content=\"627\" \/>\n\t<meta property=\"og:image:type\" content=\"image\/jpeg\" \/>\n<meta name=\"twitter:label1\" content=\"Gesch\u00e4tzte Lesezeit\" \/>\n\t<meta name=\"twitter:data1\" content=\"2\u00a0Minuten\" \/>\n<script type=\"application\/ld+json\" class=\"yoast-schema-graph\">{\"@context\":\"https:\/\/schema.org\",\"@graph\":[{\"@type\":\"WebPage\",\"@id\":\"https:\/\/amepa.com\/de\/geschaeftsleitung\/\",\"url\":\"https:\/\/amepa.com\/de\/geschaeftsleitung\/\",\"name\":\"AMEPA - Referenzen\",\"isPartOf\":{\"@id\":\"https:\/\/amepa.com\/de\/#website\"},\"datePublished\":\"2023-03-07T11:10:05+00:00\",\"dateModified\":\"2023-03-15T08:10:00+00:00\",\"description\":\"Die AMEPA Schlackeerkennung, Rauheits- und \u00d6lschichtdickenmessung wird seit Jahren von marktf\u00fchrenden Unternehmen auf der ganzen Welt erfolgreich eingesetzt.\",\"breadcrumb\":{\"@id\":\"https:\/\/amepa.com\/de\/geschaeftsleitung\/#breadcrumb\"},\"inLanguage\":\"de\",\"potentialAction\":[{\"@type\":\"ReadAction\",\"target\":[\"https:\/\/amepa.com\/de\/geschaeftsleitung\/\"]}]},{\"@type\":\"BreadcrumbList\",\"@id\":\"https:\/\/amepa.com\/de\/geschaeftsleitung\/#breadcrumb\",\"itemListElement\":[{\"@type\":\"ListItem\",\"position\":1,\"name\":\"Home\",\"item\":\"https:\/\/amepa.com\/de\/\"},{\"@type\":\"ListItem\",\"position\":2,\"name\":\"Gesch\u00e4ftsleitung\"}]},{\"@type\":\"WebSite\",\"@id\":\"https:\/\/amepa.com\/de\/#website\",\"url\":\"https:\/\/amepa.com\/de\/\",\"name\":\"AMEPA America\",\"description\":\"Angewandte Messtechnik und Prozessautomatisierung GmbH\",\"alternateName\":\"AMEPA\",\"potentialAction\":[{\"@type\":\"SearchAction\",\"target\":{\"@type\":\"EntryPoint\",\"urlTemplate\":\"https:\/\/amepa.com\/de\/?s={search_term_string}\"},\"query-input\":{\"@type\":\"PropertyValueSpecification\",\"valueRequired\":true,\"valueName\":\"search_term_string\"}}],\"inLanguage\":\"de\"}]}<\/script>\n<!-- \/ Yoast SEO Premium plugin. -->","yoast_head_json":{"title":"AMEPA - Referenzen","description":"Die AMEPA Schlackeerkennung, Rauheits- und \u00d6lschichtdickenmessung wird seit Jahren von marktf\u00fchrenden Unternehmen auf der ganzen Welt erfolgreich eingesetzt.","robots":{"index":"index","follow":"follow","max-snippet":"max-snippet:-1","max-image-preview":"max-image-preview:large","max-video-preview":"max-video-preview:-1"},"canonical":"https:\/\/amepa.com\/de\/geschaeftsleitung\/","og_locale":"de_DE","og_type":"article","og_title":"Gesch\u00e4ftsleitung","og_description":"Gesch\u00e4ftsleitungGesch\u00e4ftsfu\u0308hrerMartin Fieweger verantwortet seit 2019 in der Gesch\u00e4ftsleitung kompetent die Bereiche Vertrieb, Auftragsabwicklung,","og_url":"https:\/\/amepa.com\/de\/geschaeftsleitung\/","og_site_name":"Amepa GmbH","article_modified_time":"2023-03-15T08:10:00+00:00","og_image":[{"width":1200,"height":627,"url":"https:\/\/amepa.com\/wp-content\/uploads\/2021\/05\/unternehmen.jpg","type":"image\/jpeg"}],"twitter_misc":{"Gesch\u00e4tzte Lesezeit":"2\u00a0Minuten"},"schema":{"@context":"https:\/\/schema.org","@graph":[{"@type":"WebPage","@id":"https:\/\/amepa.com\/de\/geschaeftsleitung\/","url":"https:\/\/amepa.com\/de\/geschaeftsleitung\/","name":"AMEPA - Referenzen","isPartOf":{"@id":"https:\/\/amepa.com\/de\/#website"},"datePublished":"2023-03-07T11:10:05+00:00","dateModified":"2023-03-15T08:10:00+00:00","description":"Die AMEPA Schlackeerkennung, Rauheits- und \u00d6lschichtdickenmessung wird seit Jahren von marktf\u00fchrenden Unternehmen auf der ganzen Welt erfolgreich eingesetzt.","breadcrumb":{"@id":"https:\/\/amepa.com\/de\/geschaeftsleitung\/#breadcrumb"},"inLanguage":"de","potentialAction":[{"@type":"ReadAction","target":["https:\/\/amepa.com\/de\/geschaeftsleitung\/"]}]},{"@type":"BreadcrumbList","@id":"https:\/\/amepa.com\/de\/geschaeftsleitung\/#breadcrumb","itemListElement":[{"@type":"ListItem","position":1,"name":"Home","item":"https:\/\/amepa.com\/de\/"},{"@type":"ListItem","position":2,"name":"Gesch\u00e4ftsleitung"}]},{"@type":"WebSite","@id":"https:\/\/amepa.com\/de\/#website","url":"https:\/\/amepa.com\/de\/","name":"AMEPA America","description":"Angewandte Messtechnik und Prozessautomatisierung GmbH","alternateName":"AMEPA","potentialAction":[{"@type":"SearchAction","target":{"@type":"EntryPoint","urlTemplate":"https:\/\/amepa.com\/de\/?s={search_term_string}"},"query-input":{"@type":"PropertyValueSpecification","valueRequired":true,"valueName":"search_term_string"}}],"inLanguage":"de"}]}},"_links":{"self":[{"href":"https:\/\/amepa.com\/de\/wp-json\/wp\/v2\/pages\/7402","targetHints":{"allow":["GET"]}}],"collection":[{"href":"https:\/\/amepa.com\/de\/wp-json\/wp\/v2\/pages"}],"about":[{"href":"https:\/\/amepa.com\/de\/wp-json\/wp\/v2\/types\/page"}],"author":[{"embeddable":true,"href":"https:\/\/amepa.com\/de\/wp-json\/wp\/v2\/users\/2"}],"replies":[{"embeddable":true,"href":"https:\/\/amepa.com\/de\/wp-json\/wp\/v2\/comments?post=7402"}],"version-history":[{"count":37,"href":"https:\/\/amepa.com\/de\/wp-json\/wp\/v2\/pages\/7402\/revisions"}],"predecessor-version":[{"id":7558,"href":"https:\/\/amepa.com\/de\/wp-json\/wp\/v2\/pages\/7402\/revisions\/7558"}],"wp:attachment":[{"href":"https:\/\/amepa.com\/de\/wp-json\/wp\/v2\/media?parent=7402"}],"curies":[{"name":"wp","href":"https:\/\/api.w.org\/{rel}","templated":true}]}}