{"id":505,"date":"2015-01-26T23:25:23","date_gmt":"2015-01-26T21:25:23","guid":{"rendered":"http:\/\/amepa.com\/?page_id=505"},"modified":"2025-03-19T15:42:52","modified_gmt":"2025-03-19T13:42:52","slug":"referenzen","status":"publish","type":"page","link":"https:\/\/amepa.com\/de\/referenzen\/","title":{"rendered":"Referenzen"},"content":{"rendered":"<div class=\"wpb-content-wrapper\"><p>[vc_row full_width=&#8220;stretch_row&#8220; css=&#8220;.vc_custom_1611571603863{background-image: url(http:\/\/amepa.com\/wp-content\/uploads\/2021\/01\/img_header_Referenzen.jpg?id=3458) !important;background-position: center !important;background-repeat: no-repeat !important;background-size: cover !important;}&#8220; el_class=&#8220;header-subpage&#8220;][vc_column][vc_column_text]Referenzen[\/vc_column_text][\/vc_column][\/vc_row][vc_row css=&#8220;.vc_custom_1610466233234{margin-bottom: 30px !important;}&#8220;][vc_column width=&#8220;2\/3&#8243;][vc_custom_heading text=&#8220;Gestalten Sie mit uns Ihre Zukunft&#8220; font_container=&#8220;tag:h1|text_align:left&#8220; use_theme_fonts=&#8220;yes&#8220;][vc_column_text]Zu unseren Kunden geh\u00f6ren marktf\u00fchrende Unternehmen auf der ganzen Welt. Ihre Markterfolge und Produktionsergebnisse sind unser Antrieb.<\/p>\n<p>Die Stahl-, Aluminium- und Automobilwelt vertraut seit Jahren dem Knowhow und dem Service von AMEPA. Als Weltmarktf\u00fchrer im Bereich der Schlackedetektion z\u00e4hlen die gr\u00f6\u00dften Stahlproduzenten zu unseren Kunden. National und international agierende Aluminiumhersteller setzen auf die Innovationskraft unserer Produkte und die Global Player der Automotivebranche profitieren von unserer Messkompetenz in der Qualit\u00e4tssicherung.<\/p>\n<p>Auf f\u00fcnf Kontinenten findet jeder Kunde erstklassigen Service und zielf\u00fchrende Zusammenarbeit mit dem AMEPA-Team.[\/vc_column_text][\/vc_column][vc_column width=&#8220;1\/3&#8243;][vc_row_inner el_class=&#8220;download-frame&#8220;][vc_column_inner][vc_custom_heading text=&#8220;Download&#8220; font_container=&#8220;tag:h4|text_align:left&#8220; el_class=&#8220;headline-blau&#8220;][vc_column_text css=&#8220;&#8220;]<\/p>\n<ul>\n<li><a href=\"http:\/\/amepa.com\/wp-content\/uploads\/2025\/03\/Amepa_Broschuere_Image_DE_2025-03_Web.pdf\" target=\"_blank\" rel=\"noopener\">Imagebrosch\u00fcre AMEPA<\/a><\/li>\n<\/ul>\n<p>[\/vc_column_text][\/vc_column_inner][\/vc_row_inner][\/vc_column][\/vc_row][vc_row full_width=&#8220;stretch_row&#8220; disable_element=&#8220;yes&#8220; css=&#8220;.vc_custom_1622116964600{margin-top: 60px !important;margin-bottom: 60px !important;}&#8220; el_class=&#8220;amepa-bg-grau&#8220;][vc_column]<div id=\"ult-carousel-427808248069e1b1527db60\" class=\"ult-carousel-wrapper   ult_horizontal\" data-gutter=\"15\" data-rtl=\"false\" ><div class=\"ult-carousel-88481341669e1b1527d7aa \" >[vc_single_image image=&#8220;3325&#8243; img_size=&#8220;large&#8220;][vc_single_image image=&#8220;3327&#8243; img_size=&#8220;medium&#8220;][vc_single_image image=&#8220;3328&#8243; img_size=&#8220;large&#8220;][vc_single_image image=&#8220;3329&#8243; img_size=&#8220;large&#8220;][vc_single_image image=&#8220;3326&#8243; img_size=&#8220;large&#8220;][vc_single_image image=&#8220;3330&#8243; img_size=&#8220;large&#8220;][vc_single_image image=&#8220;3331&#8243; img_size=&#8220;large&#8220;]<\/div><\/div>\t\t\t<script type=\"text\/javascript\">\n\t\t\t\tjQuery(document).ready(function ($) {\n\t\t\t\t\tif( typeof jQuery('.ult-carousel-88481341669e1b1527d7aa').slick == \"function\"){\n\t\t\t\t\t\t$('.ult-carousel-88481341669e1b1527d7aa').slick({dots: true,autoplay: true,autoplaySpeed: \"2000\",speed: \"300\",infinite: true,arrows: true,nextArrow: '<button type=\"button\" role=\"button\" aria-label=\"Next\" style=\"color:#333333; font-size:20px;\" class=\"slick-next default\"><i class=\"ultsl-arrow-right4\"><\/i><\/button>',prevArrow: '<button type=\"button\" role=\"button\" aria-label=\"Previous\" style=\"color:#333333; font-size:20px;\" class=\"slick-prev default\"><i class=\"ultsl-arrow-left4\"><\/i><\/button>',slidesToScroll:6,slidesToShow:6,swipe: true,draggable: true,touchMove: true,pauseOnHover: true,pauseOnFocus: false,responsive: [\n\t\t\t\t\t\t\t{\n\t\t\t\t\t\t\t  breakpoint: 1026,\n\t\t\t\t\t\t\t  settings: {\n\t\t\t\t\t\t\t\tslidesToShow: 6,\n\t\t\t\t\t\t\t\tslidesToScroll: 6,  \n\t\t\t\t\t\t\t  }\n\t\t\t\t\t\t\t},\n\t\t\t\t\t\t\t{\n\t\t\t\t\t\t\t  breakpoint: 1025,\n\t\t\t\t\t\t\t  settings: {\n\t\t\t\t\t\t\t\tslidesToShow: 3,\n\t\t\t\t\t\t\t\tslidesToScroll: 3\n\t\t\t\t\t\t\t  }\n\t\t\t\t\t\t\t},\n\t\t\t\t\t\t\t{\n\t\t\t\t\t\t\t  breakpoint: 760,\n\t\t\t\t\t\t\t  settings: {\n\t\t\t\t\t\t\t\tslidesToShow: 2,\n\t\t\t\t\t\t\t\tslidesToScroll: 2\n\t\t\t\t\t\t\t  }\n\t\t\t\t\t\t\t}\n\t\t\t\t\t\t],pauseOnDotsHover: true,customPaging: function(slider, i) {\n                   return '<i type=\"button\" style= \"color:#333333;\" class=\"ultsl-record\" data-role=\"none\"><\/i>';\n                },});\n\t\t\t\t\t}\n\t\t\t\t});\n\t\t\t<\/script>\n\t\t\t[\/vc_column][\/vc_row][vc_row full_width=&#8220;stretch_row&#8220; el_class=&#8220;amepa-bg-grau&#8220;][vc_column width=&#8220;1\/3&#8243;]<div class=\"stats-block stats-top  \"><div class=\"aio-icon-top\"><div class=\"ult-just-icon-wrapper  \"><div class=\"align-icon\" style=\"text-align:center;\"><\/div><\/div><\/div><div class=\"stats-desc\" id=\"counter-responsv-wrap-9400\"><div id=\"counter_35143464669e1b1527e02e\" data-id=\"counter_35143464669e1b1527e02e\"  data-ultimate-target='#counter-responsv-wrap-9400 .stats-number'  data-responsive-json-new='{\"font-size\":\"\",\"line-height\":\"\"}'  class=\"stats-number ult-responsive\" style=\"font-size:28px;  \" data-speed=\"3\" data-counter-value=\"40\" data-separator=\".\" data-decimal=\",\">0<\/div><div id=\"title-counter_35143464669e1b1527e02e\"  data-ultimate-target='#counter-responsv-wrap-9400 .stats-text'  data-responsive-json-new='{\"font-size\":\"\",\"line-height\":\"\"}'  class=\"stats-text ult-responsive\" style=\"font-size:18px;  \">Jahre Erfahrung<\/div><\/div><\/div>[\/vc_column][vc_column width=&#8220;1\/3&#8243;]<div class=\"stats-block stats-top  \"><div class=\"aio-icon-top\"><div class=\"ult-just-icon-wrapper  \"><div class=\"align-icon\" style=\"text-align:center;\"><\/div><\/div><\/div><div class=\"stats-desc\" id=\"counter-responsv-wrap-1789\"><div id=\"counter_129470275169e1b1527e0d4\" data-id=\"counter_129470275169e1b1527e0d4\"  data-ultimate-target='#counter-responsv-wrap-1789 .stats-number'  data-responsive-json-new='{\"font-size\":\"\",\"line-height\":\"\"}'  class=\"stats-number ult-responsive\" style=\"font-size:28px;  \" data-speed=\"3\" data-counter-value=\"500\" data-separator=\".\" data-decimal=\",\">0<\/div><div id=\"title-counter_129470275169e1b1527e0d4\"  data-ultimate-target='#counter-responsv-wrap-1789 .stats-text'  data-responsive-json-new='{\"font-size\":\"\",\"line-height\":\"\"}'  class=\"stats-text ult-responsive\" style=\"font-size:18px;  \">Anlagen weltweit<\/div><\/div><\/div>[\/vc_column][vc_column width=&#8220;1\/3&#8243;]<div class=\"stats-block stats-top  \"><div class=\"aio-icon-top\"><div class=\"ult-just-icon-wrapper  \"><div class=\"align-icon\" style=\"text-align:center;\"><\/div><\/div><\/div><div class=\"stats-desc\" id=\"counter-responsv-wrap-8496\"><div id=\"counter_156751915669e1b1527e15c\" data-id=\"counter_156751915669e1b1527e15c\"  data-ultimate-target='#counter-responsv-wrap-8496 .stats-number'  data-responsive-json-new='{\"font-size\":\"\",\"line-height\":\"\"}'  class=\"stats-number ult-responsive\" style=\"font-size:28px;  \" data-speed=\"3\" data-counter-value=\"50\" data-separator=\".\" data-decimal=\",\">0<\/div><div id=\"title-counter_156751915669e1b1527e15c\"  data-ultimate-target='#counter-responsv-wrap-8496 .stats-text'  data-responsive-json-new='{\"font-size\":\"\",\"line-height\":\"\"}'  class=\"stats-text ult-responsive\" style=\"font-size:18px;  \">L\u00e4nder<\/div><\/div><\/div>[\/vc_column][\/vc_row][vc_row full_width=&#8220;stretch_row&#8220; el_class=&#8220;amepa-bg-grau&#8220;][vc_column width=&#8220;1\/3&#8243;]<div class=\"stats-block stats-top  \"><div class=\"aio-icon-top\"><div class=\"ult-just-icon-wrapper  \"><div class=\"align-icon\" style=\"text-align:center;\"><\/div><\/div><\/div><div class=\"stats-desc\" id=\"counter-responsv-wrap-6950\"><div class=\"counter_prefix mycust ult-responsive\"  data-ultimate-target='#counter-responsv-wrap-6950 .mycust'  data-responsive-json-new='{\"font-size\":\"desktop:60px;\",\"line-height\":\"\"}'  style=\" font-weight:bold;color:#3c4c66\">+<\/div><div id=\"counter_139127358869e1b1527e1f6\" data-id=\"counter_139127358869e1b1527e1f6\"  data-ultimate-target='#counter-responsv-wrap-6950 .stats-number'  data-responsive-json-new='{\"font-size\":\"\",\"line-height\":\"\"}'  class=\"stats-number ult-responsive\" style=\"  \" data-speed=\"3\" data-counter-value=\"500\" data-separator=\".\" data-decimal=\",\">0<\/div><div id=\"title-counter_139127358869e1b1527e1f6\"  data-ultimate-target='#counter-responsv-wrap-6950 .stats-text'  data-responsive-json-new='{\"font-size\":\"\",\"line-height\":\"\"}'  class=\"stats-text ult-responsive\" style=\"font-size:18px;  \">Millionen Tonnen Stahl pro Jahr werden mit unseren Schlacke\u00ad\u00aderkennungs\u00adsystemen \u00fcberwacht<\/div><\/div><\/div>[\/vc_column][vc_column width=&#8220;1\/3&#8243;]<div class=\"stats-block stats-top  \"><div class=\"aio-icon-top\"><div class=\"ult-just-icon-wrapper  \"><div class=\"align-icon\" style=\"text-align:center;\"><\/div><\/div><\/div><div class=\"stats-desc\" id=\"counter-responsv-wrap-2311\"><div id=\"counter_375570095369e1b1527e288\" data-id=\"counter_375570095369e1b1527e288\"  data-ultimate-target='#counter-responsv-wrap-2311 .stats-number'  data-responsive-json-new='{\"font-size\":\"\",\"line-height\":\"\"}'  class=\"stats-number ult-responsive\" style=\"  \" data-speed=\"3\" data-counter-value=\"44\" data-separator=\".\" data-decimal=\",\">0<\/div><div id=\"title-counter_375570095369e1b1527e288\"  data-ultimate-target='#counter-responsv-wrap-2311 .stats-text'  data-responsive-json-new='{\"font-size\":\"\",\"line-height\":\"\"}'  class=\"stats-text ult-responsive\" style=\"font-size:18px;  \">Kilometer Band pro Minute werden von unseren OFM und SRM Systemen gemessen \u2013 also am Tag 1,58 mal der Erdumfang<\/div><\/div><\/div>[\/vc_column][vc_column width=&#8220;1\/3&#8243;]<div class=\"stats-block stats-top  \"><div class=\"aio-icon-top\"><div class=\"ult-just-icon-wrapper  \"><div class=\"align-icon\" style=\"text-align:center;\"><\/div><\/div><\/div><div class=\"stats-desc\" id=\"counter-responsv-wrap-7903\"><div id=\"counter_164411106969e1b1527e310\" data-id=\"counter_164411106969e1b1527e310\"  data-ultimate-target='#counter-responsv-wrap-7903 .stats-number'  data-responsive-json-new='{\"font-size\":\"\",\"line-height\":\"\"}'  class=\"stats-number ult-responsive\" style=\"font-size:28px;  \" data-speed=\"3\" data-counter-value=\"300\" data-separator=\".\" data-decimal=\",\">0<\/div><div id=\"title-counter_164411106969e1b1527e310\"  data-ultimate-target='#counter-responsv-wrap-7903 .stats-text'  data-responsive-json-new='{\"font-size\":\"\",\"line-height\":\"\"}'  class=\"stats-text ult-responsive\" style=\"font-size:18px;  \">Kunden weltweit<\/div><\/div><\/div>[\/vc_column][\/vc_row]<\/p>\n<\/div>","protected":false},"excerpt":{"rendered":"<p>[vc_row full_width=&#8220;stretch_row&#8220; css=&#8220;.vc_custom_1611571603863{background-image: url(http:\/\/amepa.com\/wp-content\/uploads\/2021\/01\/img_header_Referenzen.jpg?id=3458) !important;background-position: center !important;background-repeat: no-repeat !important;background-size: cover !important;}&#8220; el_class=&#8220;header-subpage&#8220;][vc_column][vc_column_text]Referenzen[\/vc_column_text][\/vc_column][\/vc_row][vc_row css=&#8220;.vc_custom_1610466233234{margin-bottom: 30px !important;}&#8220;][vc_column width=&#8220;2\/3&#8243;][vc_custom_heading text=&#8220;Gestalten Sie mit uns Ihre Zukunft&#8220; font_container=&#8220;tag:h1|text_align:left&#8220; use_theme_fonts=&#8220;yes&#8220;][vc_column_text]Zu unseren Kunden geh\u00f6ren marktf\u00fchrende Unternehmen auf der ganzen Welt. Ihre Markterfolge und Produktionsergebnisse sind unser Antrieb. Die Stahl-, Aluminium- und Automobilwelt vertraut seit Jahren dem Knowhow und dem Service von AMEPA. [&hellip;]<\/p>\n","protected":false},"author":1,"featured_media":0,"parent":0,"menu_order":0,"comment_status":"open","ping_status":"open","template":"","meta":{"_acf_changed":false,"footnotes":""},"class_list":["post-505","page","type-page","status-publish","hentry"],"acf":[],"yoast_head":"<!-- This site is optimized with the Yoast SEO Premium plugin v25.9 (Yoast SEO v25.9) - https:\/\/yoast.com\/wordpress\/plugins\/seo\/ -->\n<title>AMEPA - Referenzen<\/title>\n<meta name=\"description\" content=\"Die AMEPA Schlackeerkennung, Rauheits- und \u00d6lschichtdickenmessung wird seit Jahren von marktf\u00fchrenden Unternehmen auf der ganzen Welt erfolgreich eingesetzt.\" \/>\n<meta name=\"robots\" content=\"index, follow, max-snippet:-1, max-image-preview:large, max-video-preview:-1\" \/>\n<link rel=\"canonical\" href=\"https:\/\/amepa.com\/de\/referenzen\/\" \/>\n<meta property=\"og:locale\" content=\"de_DE\" \/>\n<meta property=\"og:type\" content=\"article\" \/>\n<meta property=\"og:title\" content=\"Referenzen\" \/>\n<meta property=\"og:description\" content=\"ReferenzenZu unseren Kunden geh\u00f6ren marktf\u00fchrende Unternehmen auf der ganzen Welt. Ihre Markterfolge und Produktionsergebnisse sind unser Antrieb. Die\" \/>\n<meta property=\"og:url\" content=\"https:\/\/amepa.com\/de\/referenzen\/\" \/>\n<meta property=\"og:site_name\" content=\"Amepa GmbH\" \/>\n<meta property=\"article:modified_time\" content=\"2025-03-19T13:42:52+00:00\" \/>\n<meta property=\"og:image\" content=\"https:\/\/amepa.com\/wp-content\/uploads\/2021\/05\/unternehmen.jpg\" \/>\n\t<meta property=\"og:image:width\" content=\"1200\" \/>\n\t<meta property=\"og:image:height\" content=\"627\" \/>\n\t<meta property=\"og:image:type\" content=\"image\/jpeg\" \/>\n<meta name=\"twitter:label1\" content=\"Gesch\u00e4tzte Lesezeit\" \/>\n\t<meta name=\"twitter:data1\" content=\"2\u00a0Minuten\" \/>\n<script type=\"application\/ld+json\" class=\"yoast-schema-graph\">{\"@context\":\"https:\/\/schema.org\",\"@graph\":[{\"@type\":\"WebPage\",\"@id\":\"https:\/\/amepa.com\/de\/referenzen\/\",\"url\":\"https:\/\/amepa.com\/de\/referenzen\/\",\"name\":\"AMEPA - Referenzen\",\"isPartOf\":{\"@id\":\"https:\/\/amepa.com\/de\/#website\"},\"datePublished\":\"2015-01-26T21:25:23+00:00\",\"dateModified\":\"2025-03-19T13:42:52+00:00\",\"description\":\"Die AMEPA Schlackeerkennung, Rauheits- und \u00d6lschichtdickenmessung wird seit Jahren von marktf\u00fchrenden Unternehmen auf der ganzen Welt erfolgreich eingesetzt.\",\"breadcrumb\":{\"@id\":\"https:\/\/amepa.com\/de\/referenzen\/#breadcrumb\"},\"inLanguage\":\"de\",\"potentialAction\":[{\"@type\":\"ReadAction\",\"target\":[\"https:\/\/amepa.com\/de\/referenzen\/\"]}]},{\"@type\":\"BreadcrumbList\",\"@id\":\"https:\/\/amepa.com\/de\/referenzen\/#breadcrumb\",\"itemListElement\":[{\"@type\":\"ListItem\",\"position\":1,\"name\":\"Home\",\"item\":\"https:\/\/amepa.com\/de\/\"},{\"@type\":\"ListItem\",\"position\":2,\"name\":\"Referenzen\"}]},{\"@type\":\"WebSite\",\"@id\":\"https:\/\/amepa.com\/de\/#website\",\"url\":\"https:\/\/amepa.com\/de\/\",\"name\":\"AMEPA America\",\"description\":\"Angewandte Messtechnik und Prozessautomatisierung GmbH\",\"alternateName\":\"AMEPA\",\"potentialAction\":[{\"@type\":\"SearchAction\",\"target\":{\"@type\":\"EntryPoint\",\"urlTemplate\":\"https:\/\/amepa.com\/de\/?s={search_term_string}\"},\"query-input\":{\"@type\":\"PropertyValueSpecification\",\"valueRequired\":true,\"valueName\":\"search_term_string\"}}],\"inLanguage\":\"de\"}]}<\/script>\n<!-- \/ Yoast SEO Premium plugin. -->","yoast_head_json":{"title":"AMEPA - Referenzen","description":"Die AMEPA Schlackeerkennung, Rauheits- und \u00d6lschichtdickenmessung wird seit Jahren von marktf\u00fchrenden Unternehmen auf der ganzen Welt erfolgreich eingesetzt.","robots":{"index":"index","follow":"follow","max-snippet":"max-snippet:-1","max-image-preview":"max-image-preview:large","max-video-preview":"max-video-preview:-1"},"canonical":"https:\/\/amepa.com\/de\/referenzen\/","og_locale":"de_DE","og_type":"article","og_title":"Referenzen","og_description":"ReferenzenZu unseren Kunden geh\u00f6ren marktf\u00fchrende Unternehmen auf der ganzen Welt. Ihre Markterfolge und Produktionsergebnisse sind unser Antrieb. Die","og_url":"https:\/\/amepa.com\/de\/referenzen\/","og_site_name":"Amepa GmbH","article_modified_time":"2025-03-19T13:42:52+00:00","og_image":[{"width":1200,"height":627,"url":"https:\/\/amepa.com\/wp-content\/uploads\/2021\/05\/unternehmen.jpg","type":"image\/jpeg"}],"twitter_misc":{"Gesch\u00e4tzte Lesezeit":"2\u00a0Minuten"},"schema":{"@context":"https:\/\/schema.org","@graph":[{"@type":"WebPage","@id":"https:\/\/amepa.com\/de\/referenzen\/","url":"https:\/\/amepa.com\/de\/referenzen\/","name":"AMEPA - Referenzen","isPartOf":{"@id":"https:\/\/amepa.com\/de\/#website"},"datePublished":"2015-01-26T21:25:23+00:00","dateModified":"2025-03-19T13:42:52+00:00","description":"Die AMEPA Schlackeerkennung, Rauheits- und \u00d6lschichtdickenmessung wird seit Jahren von marktf\u00fchrenden Unternehmen auf der ganzen Welt erfolgreich eingesetzt.","breadcrumb":{"@id":"https:\/\/amepa.com\/de\/referenzen\/#breadcrumb"},"inLanguage":"de","potentialAction":[{"@type":"ReadAction","target":["https:\/\/amepa.com\/de\/referenzen\/"]}]},{"@type":"BreadcrumbList","@id":"https:\/\/amepa.com\/de\/referenzen\/#breadcrumb","itemListElement":[{"@type":"ListItem","position":1,"name":"Home","item":"https:\/\/amepa.com\/de\/"},{"@type":"ListItem","position":2,"name":"Referenzen"}]},{"@type":"WebSite","@id":"https:\/\/amepa.com\/de\/#website","url":"https:\/\/amepa.com\/de\/","name":"AMEPA America","description":"Angewandte Messtechnik und Prozessautomatisierung GmbH","alternateName":"AMEPA","potentialAction":[{"@type":"SearchAction","target":{"@type":"EntryPoint","urlTemplate":"https:\/\/amepa.com\/de\/?s={search_term_string}"},"query-input":{"@type":"PropertyValueSpecification","valueRequired":true,"valueName":"search_term_string"}}],"inLanguage":"de"}]}},"_links":{"self":[{"href":"https:\/\/amepa.com\/de\/wp-json\/wp\/v2\/pages\/505","targetHints":{"allow":["GET"]}}],"collection":[{"href":"https:\/\/amepa.com\/de\/wp-json\/wp\/v2\/pages"}],"about":[{"href":"https:\/\/amepa.com\/de\/wp-json\/wp\/v2\/types\/page"}],"author":[{"embeddable":true,"href":"https:\/\/amepa.com\/de\/wp-json\/wp\/v2\/users\/1"}],"replies":[{"embeddable":true,"href":"https:\/\/amepa.com\/de\/wp-json\/wp\/v2\/comments?post=505"}],"version-history":[{"count":42,"href":"https:\/\/amepa.com\/de\/wp-json\/wp\/v2\/pages\/505\/revisions"}],"predecessor-version":[{"id":10067,"href":"https:\/\/amepa.com\/de\/wp-json\/wp\/v2\/pages\/505\/revisions\/10067"}],"wp:attachment":[{"href":"https:\/\/amepa.com\/de\/wp-json\/wp\/v2\/media?parent=505"}],"curies":[{"name":"wp","href":"https:\/\/api.w.org\/{rel}","templated":true}]}}