{"id":32,"date":"2014-11-15T08:21:57","date_gmt":"2014-11-15T06:21:57","guid":{"rendered":"http:\/\/amepa.com\/?page_id=32"},"modified":"2024-09-11T14:26:19","modified_gmt":"2024-09-11T12:26:19","slug":"homepage","status":"publish","type":"page","link":"https:\/\/amepa.com\/de\/","title":{"rendered":"Homepage"},"content":{"rendered":"<div class=\"wpb-content-wrapper\"><p>[vc_row full_width=&#8220;stretch_row_content_no_spaces&#8220; el_class=&#8220;header-slider amepa-button-style-2&#8243;][vc_column]<div style=\"visibility: hidden;\" id=\"carousel-anything-1\" class=\"gambit-carousel-anything carousel-anything-container owl-ca-carousel  has-arrows ca-equal-height\" data-slide-anim=\"\" data-rtl=\"false\" data-items=\"1\"data-totalitems=\"0\" data-scroll_per_page=\"\" data-autoplay=\"6000\"data-items-tablet=\"1\" data-items-mobile=\"1\" data-stop-on-hover=\"\" data-speed-scroll=\"300\" data-speed-rewind=\"1000\"data-thumbnails=\"arrow\" data-navigation=\"true\" data-touchdrag=\"false\" data-keyboard=\"false\" data-alignment=\"50\"data-start=\"0\">[vc_row_inner css=&#8220;.vc_custom_1627473029760{background-image: url(http:\/\/amepa.com\/wp-content\/uploads\/2021\/07\/home-firmengebaeude_neu.jpg?id=5354) !important;}&#8220;][vc_column_inner width=&#8220;1\/3&#8243;][vc_column_text]<\/p>\n<h6>Weltweit.<\/h6>\n<p>Unsere Experten realisieren und optimieren weltweit Produktionsprozesse mit einzigartiger AMEPA Messtechnik.[\/vc_column_text][\/vc_column_inner][vc_column_inner width=&#8220;1\/3&#8243;][vc_btn title=&#8220;Unternehmen&#8220; link=&#8220;url:https%3A\/\/amepa.de%2Funternehmen%2F|title:Unternehmen&#8220;][\/vc_column_inner][vc_column_inner width=&#8220;1\/3&#8243;][\/vc_column_inner][\/vc_row_inner][vc_row_inner css=&#8220;.vc_custom_1614074012651{background-image: url(http:\/\/amepa.com\/wp-content\/uploads\/2021\/02\/home-fahrzeugfertigung.jpg?id=3917) !important;}&#8220;][vc_column_inner width=&#8220;1\/3&#8243;][vc_column_text]<\/p>\n<h6>Measure it. Control it.<\/h6>\n<p>Wir sind die Spezialisten der Online-\u00d6lfilm-, Rauheits- und Welligkeitsmessung.[\/vc_column_text][\/vc_column_inner][vc_column_inner width=&#8220;1\/3&#8243;][vc_btn title=&#8220;Vertriebspartner&#8220; link=&#8220;url:https%3A\/\/amepa.de%2Fvertriebspartner%2F|title:Vertriebspartner&#8220;][\/vc_column_inner][vc_column_inner width=&#8220;1\/3&#8243;][\/vc_column_inner][\/vc_row_inner][vc_row_inner css=&#8220;.vc_custom_1615809784349{background-image: url(http:\/\/amepa.com\/wp-content\/uploads\/2021\/03\/img_slideshow_schlackeerkennung-scaled.jpg?id=3995) !important;}&#8220;][vc_column_inner width=&#8220;1\/3&#8243;][vc_column_text]<\/p>\n<h6>Entscheidend. Bei 1600 \u00b0.<\/h6>\n<p>Wir sind der Global Player der elektromagnetischen und thermografischen Schlackeerkennung.[\/vc_column_text][\/vc_column_inner][vc_column_inner width=&#8220;1\/3&#8243;][vc_btn title=&#8220;Schlackeerkennung&#8220; link=&#8220;url:https%3A\/\/amepa.de%2Fprodukte%2Fesd-elektromagnetische-schlackedetektion%2F|title:Schlackeerkennung&#8220;][\/vc_column_inner][vc_column_inner width=&#8220;1\/3&#8243;][\/vc_column_inner][\/vc_row_inner]<\/div>[\/vc_column][\/vc_row][vc_row][vc_column width=&#8220;2\/3&#8243;][vc_custom_heading text=&#8220;AMEPA \u2013 40 Jahre Messtechnik f\u00fcr die Stahl-, Aluminium- und Automobilindustrie&#8220; font_container=&#8220;tag:h1|text_align:left&#8220; use_theme_fonts=&#8220;yes&#8220;][\/vc_column][vc_column width=&#8220;1\/3&#8243;][\/vc_column][\/vc_row][vc_row gap=&#8220;30&#8243; equal_height=&#8220;yes&#8220; css=&#8220;.vc_custom_1613402328242{margin-bottom: 30px !important;}&#8220;][vc_column width=&#8220;1\/3&#8243;][vc_custom_heading text=&#8220;\u00dcber uns&#8220; font_container=&#8220;tag:h3|text_align:left&#8220; use_theme_fonts=&#8220;yes&#8220; el_class=&#8220;h3-full-width&#8220;][vc_column_text]Bis heute verfolgen wir das Ziel der drei Vision\u00e4re, die AMEPA 1984 als \u201eSpin-off&#8220; der Technischen Hochschule Aachen gegr\u00fcndet haben: innovative Messtechnik zur Qualit\u00e4tssicherung unserer Kunden in der Stahl- und Prozessindustrie anzubieten.[\/vc_column_text][vc_btn title=&#8220;Chronologie&#8220; link=&#8220;url:https%3A\/\/amepa.de%2Famepa-chronologie%2F|title:AMEPA%20Chronologie&#8220; el_class=&#8220;amepa-button-style-1&#8243;][\/vc_column][vc_column width=&#8220;1\/3&#8243;][vc_custom_heading text=&#8220;Service&#8220; font_container=&#8220;tag:h3|text_align:left&#8220; use_theme_fonts=&#8220;yes&#8220; el_class=&#8220;h3-full-width&#8220;][vc_column_text]Die Systeme von AMEPA werden weltweit vertrieben und installiert. Um den Kundennutzen dauerhaft sicherzustellen, erbringen die AMEPA Ingenieure aus unserem Servicenetzwerk ma\u00dfgeschneiderte Dienstleistungen und passen unsere AMEPA Messtechnik an Ihre Erfordernisse an.[\/vc_column_text][vc_btn title=&#8220;Service&#8220; link=&#8220;url:https%3A\/\/amepa.de%2Fservice%2F|title:Service&#8220; el_class=&#8220;amepa-button-style-1&#8243;][\/vc_column][vc_column width=&#8220;1\/3&#8243;][vc_custom_heading text=&#8220;Stellenangebote&#8220; font_container=&#8220;tag:h3|text_align:left&#8220; use_theme_fonts=&#8220;yes&#8220; el_class=&#8220;h3-full-width&#8220;][vc_column_text]Immer wieder suchen wir Verst\u00e4rkung in unserem AMEPA-Team. Es erwarten Sie spannende Aufgabenfelder, interdisziplin\u00e4re Kooperationen, unser attraktives Leistungspaket und ein kollegiales Team. Als expandierendes und zukunftorientiertes Unternehmen leben wir ein fortschrittliches Betriebsklima und betreiben ein nachhaltiges Personalmanagement.[\/vc_column_text][vc_btn title=&#8220;Karriere&#8220; link=&#8220;url:https%3A\/\/amepa.de%2Fkarriere%2F|title:Karriere&#8220; el_class=&#8220;amepa-button-style-1&#8243;][\/vc_column][\/vc_row][vc_row full_width=&#8220;stretch_row&#8220; el_class=&#8220;amepa-bg-grau amepa-home-produkte&#8220;][vc_column][vc_custom_heading text=&#8220;Unsere Produkte&#8220; use_theme_fonts=&#8220;yes&#8220;][vc_row_inner][vc_column_inner width=&#8220;1\/3&#8243;]<div tabindex=\"0\" class=\"ult-new-ib ult-ib-effect-style1  ult-ib-resp  \" data-min-width=\"768\" data-max-width=\"900\" style=\"\" data-opacity=\"1\" data-hover-opacity=\"1\" ><img decoding=\"async\" class=\"ult-new-ib-img\" style=\"opacity:1;\" alt=\"null\" src=\"https:\/\/amepa.com\/wp-content\/uploads\/2020\/12\/img_teaser_ESD.jpg\"   \/><div id=\"interactive-banner-wrap-4582\" class=\"ult-new-ib-desc\" style=\"\"><h2 class=\"ult-new-ib-title ult-responsive\"  data-ultimate-target='#interactive-banner-wrap-4582 .ult-new-ib-title'  data-responsive-json-new='{\"font-size\":\"\",\"line-height\":\"\"}'  style=\"font-weight:normal;\">ESD<\/h2><div class=\"ult-new-ib-content ult-responsive\"  data-ultimate-target='#interactive-banner-wrap-4582 .ult-new-ib-content'  data-responsive-json-new='{\"font-size\":\"\",\"line-height\":\"\"}'  style=\"font-weight:normal;\"><p>Elektromagnetische Schlackeerkennung<\/p><\/div><\/div><a class=\"ult-new-ib-link\" href=\"https:\/\/amepa.de\/produkte\/esd-elektromagnetische-schlackedetektion\/\" title=\"Arbeitsschutz bei AMEPA\"  ><\/a><\/div>[\/vc_column_inner][vc_column_inner width=&#8220;1\/3&#8243;]<div tabindex=\"0\" class=\"ult-new-ib ult-ib-effect-style1  ult-ib-resp  \" data-min-width=\"768\" data-max-width=\"900\" style=\"\" data-opacity=\"1\" data-hover-opacity=\"1\" ><img decoding=\"async\" class=\"ult-new-ib-img\" style=\"opacity:1;\" alt=\"null\" src=\"https:\/\/amepa.com\/wp-content\/uploads\/2020\/12\/img_teaser_TSD.jpg\"   \/><div id=\"interactive-banner-wrap-8901\" class=\"ult-new-ib-desc\" style=\"\"><h2 class=\"ult-new-ib-title ult-responsive\"  data-ultimate-target='#interactive-banner-wrap-8901 .ult-new-ib-title'  data-responsive-json-new='{\"font-size\":\"\",\"line-height\":\"\"}'  style=\"font-weight:normal;\">TSD<\/h2><div class=\"ult-new-ib-content ult-responsive\"  data-ultimate-target='#interactive-banner-wrap-8901 .ult-new-ib-content'  data-responsive-json-new='{\"font-size\":\"\",\"line-height\":\"\"}'  style=\"font-weight:normal;\"><p>Thermographische Schlackeerkennung<\/p><\/div><\/div><a class=\"ult-new-ib-link\" href=\"https:\/\/amepa.de\/produkte\/tsd-schlackeerkennung\/\" title=\"TSD\"  ><\/a><\/div>[\/vc_column_inner][vc_column_inner width=&#8220;1\/3&#8243;]<div tabindex=\"0\" class=\"ult-new-ib ult-ib-effect-style1  ult-ib-resp  \" data-min-width=\"768\" data-max-width=\"900\" style=\"\" data-opacity=\"1\" data-hover-opacity=\"1\" ><img decoding=\"async\" class=\"ult-new-ib-img\" style=\"opacity:1;\" alt=\"null\" src=\"https:\/\/amepa.com\/wp-content\/uploads\/2020\/12\/img_teaser_SRM.jpg\"   \/><div id=\"interactive-banner-wrap-2170\" class=\"ult-new-ib-desc\" style=\"\"><h2 class=\"ult-new-ib-title ult-responsive\"  data-ultimate-target='#interactive-banner-wrap-2170 .ult-new-ib-title'  data-responsive-json-new='{\"font-size\":\"\",\"line-height\":\"\"}'  style=\"font-weight:normal;\">SRM<\/h2><div class=\"ult-new-ib-content ult-responsive\"  data-ultimate-target='#interactive-banner-wrap-2170 .ult-new-ib-content'  data-responsive-json-new='{\"font-size\":\"\",\"line-height\":\"\"}'  style=\"font-weight:normal;\"><p>Online-Rauheitsmessung<\/p><\/div><\/div><a class=\"ult-new-ib-link\" href=\"https:\/\/amepa.de\/produkte\/srm-rauigkeit\/\" title=\"SRM\"  ><\/a><\/div>[\/vc_column_inner][\/vc_row_inner][vc_row_inner][vc_column_inner width=&#8220;1\/3&#8243;]<div tabindex=\"0\" class=\"ult-new-ib ult-ib-effect-style1  ult-ib-resp  \" data-min-width=\"768\" data-max-width=\"900\" style=\"\" data-opacity=\"1\" data-hover-opacity=\"1\" ><img decoding=\"async\" class=\"ult-new-ib-img\" style=\"opacity:1;\" alt=\"null\" src=\"https:\/\/amepa.com\/wp-content\/uploads\/2020\/12\/img_teaser_WMS.jpg\"   \/><div id=\"interactive-banner-wrap-2354\" class=\"ult-new-ib-desc\" style=\"\"><h2 class=\"ult-new-ib-title ult-responsive\"  data-ultimate-target='#interactive-banner-wrap-2354 .ult-new-ib-title'  data-responsive-json-new='{\"font-size\":\"\",\"line-height\":\"\"}'  style=\"font-weight:normal;\">WMS<\/h2><div class=\"ult-new-ib-content ult-responsive\"  data-ultimate-target='#interactive-banner-wrap-2354 .ult-new-ib-content'  data-responsive-json-new='{\"font-size\":\"\",\"line-height\":\"\"}'  style=\"font-weight:normal;\"><p>Online-Welligkeitsmessung<\/p><\/div><\/div><a class=\"ult-new-ib-link\" href=\"https:\/\/amepa.de\/produkte\/wms-welligkeitsmessung\/\" title=\"Arbeitsschutz bei AMEPA\"  ><\/a><\/div>[\/vc_column_inner][vc_column_inner width=&#8220;1\/3&#8243;]<div tabindex=\"0\" class=\"ult-new-ib ult-ib-effect-style1  ult-ib-resp  \" data-min-width=\"768\" data-max-width=\"900\" style=\"\" data-opacity=\"1\" data-hover-opacity=\"1\" ><img decoding=\"async\" class=\"ult-new-ib-img\" style=\"opacity:1;\" alt=\"null\" src=\"https:\/\/amepa.com\/wp-content\/uploads\/2024\/09\/img_teaser_OFM-300.jpg\"   \/><div id=\"interactive-banner-wrap-6545\" class=\"ult-new-ib-desc\" style=\"\"><h2 class=\"ult-new-ib-title ult-responsive\"  data-ultimate-target='#interactive-banner-wrap-6545 .ult-new-ib-title'  data-responsive-json-new='{\"font-size\":\"\",\"line-height\":\"\"}'  style=\"font-weight:normal;\">OFM<\/h2><div class=\"ult-new-ib-content ult-responsive\"  data-ultimate-target='#interactive-banner-wrap-6545 .ult-new-ib-content'  data-responsive-json-new='{\"font-size\":\"\",\"line-height\":\"\"}'  style=\"font-weight:normal;\"><p>Online-\u00d6lauflagenmessung<\/p><\/div><\/div><a class=\"ult-new-ib-link\" href=\"https:\/\/amepa.de\/produkte\/ofm-online-oelfilmmessung\/\" title=\"OFM\"  ><\/a><\/div>[\/vc_column_inner][vc_column_inner width=&#8220;1\/3&#8243;]<div tabindex=\"0\" class=\"ult-new-ib ult-ib-effect-style1  ult-ib-resp  \" data-min-width=\"768\" data-max-width=\"900\" style=\"\" data-opacity=\"1\" data-hover-opacity=\"1\" ><img decoding=\"async\" class=\"ult-new-ib-img\" style=\"opacity:1;\" alt=\"null\" src=\"https:\/\/amepa.com\/wp-content\/uploads\/2024\/09\/img_teaser_OFIS-3-0_DE.jpg\"   \/><div id=\"interactive-banner-wrap-7090\" class=\"ult-new-ib-desc\" style=\"\"><h2 class=\"ult-new-ib-title ult-responsive\"  data-ultimate-target='#interactive-banner-wrap-7090 .ult-new-ib-title'  data-responsive-json-new='{\"font-size\":\"\",\"line-height\":\"\"}'  style=\"font-weight:normal;\">OFIS<\/h2><div class=\"ult-new-ib-content ult-responsive\"  data-ultimate-target='#interactive-banner-wrap-7090 .ult-new-ib-content'  data-responsive-json-new='{\"font-size\":\"\",\"line-height\":\"\"}'  style=\"font-weight:normal;\"><p>Portable \u00d6lauflagenmessung<\/p><\/div><\/div><a class=\"ult-new-ib-link\" href=\"https:\/\/amepa.de\/produkte\/ofis-oelschichtdickenmessung\/\" title=\"OFIS\"  ><\/a><\/div>[\/vc_column_inner][\/vc_row_inner][\/vc_column][\/vc_row][vc_row el_class=&#8220;amepa-home-aktuelles&#8220; css=&#8220;.vc_custom_1612175206099{margin-top: 50px !important;}&#8220;][vc_column][vc_custom_heading text=&#8220;Aktuelles&#8220; use_theme_fonts=&#8220;yes&#8220;][\/vc_column][\/vc_row][vc_row][vc_column][vc_basic_grid post_type=&#8220;post&#8220; max_items=&#8220;3&#8243; item=&#8220;5949&#8243; initial_loading_animation=&#8220;none&#8220; grid_id=&#8220;vc_gid:1726057188787-00bb6230-1329-5&#8243;][\/vc_column][\/vc_row][vc_row][vc_column][vc_separator css=&#8220;.vc_custom_1698157437350{padding-bottom: 50px !important;}&#8220;][vc_custom_heading text=&#8220;Kooperationen&#8220; use_theme_fonts=&#8220;yes&#8220;]<div id=\"ult-carousel-302309172969f51271729ff\" class=\"ult-carousel-wrapper  vc_custom_1698157556142  ult_horizontal\" data-gutter=\"20\" data-rtl=\"false\" ><div class=\"ult-carousel-137654832469f51271725da \" >[vc_single_image image=&#8220;8347&#8243; img_size=&#8220;medium&#8220; onclick=&#8220;custom_link&#8220; img_link_target=&#8220;_blank&#8220; link=&#8220;https:\/\/www.amap.de&#8220;][vc_single_image image=&#8220;8396&#8243; img_size=&#8220;medium&#8220; onclick=&#8220;custom_link&#8220; img_link_target=&#8220;_blank&#8220; link=&#8220;http:\/\/www.crmgroup.be\/en&#8220;][vc_single_image image=&#8220;8350&#8243; img_size=&#8220;medium&#8220; onclick=&#8220;custom_link&#8220; img_link_target=&#8220;_blank&#8220; link=&#8220;https:\/\/ewi.org\/&#8220;][vc_single_image image=&#8220;8353&#8243; img_size=&#8220;medium&#8220; onclick=&#8220;custom_link&#8220; img_link_target=&#8220;_blank&#8220; link=&#8220;https:\/\/www.muw.rwth-aachen.de\/cms\/materialwissenschaft-und-werkstofftechni\/Die-Fachgruppe\/Institute-und-Lehrstuehle\/~uhv\/Institut-fuer-Bildsame-Formgebung-IBF-\/&#8220;][vc_single_image image=&#8220;8356&#8243; img_size=&#8220;medium&#8220; onclick=&#8220;custom_link&#8220; img_link_target=&#8220;_blank&#8220; link=&#8220;https:\/\/s-ubg.de\/netzwerk\/&#8220;]<\/div><\/div>\t\t\t<script type=\"text\/javascript\">\n\t\t\t\tjQuery(document).ready(function ($) {\n\t\t\t\t\tif( typeof jQuery('.ult-carousel-137654832469f51271725da').slick == \"function\"){\n\t\t\t\t\t\t$('.ult-carousel-137654832469f51271725da').slick({dots: true,autoplay: true,autoplaySpeed: \"2000\",speed: \"500\",infinite: true,arrows: false,slidesToScroll:1,slidesToShow:4,swipe: true,draggable: true,touchMove: true,pauseOnHover: true,pauseOnFocus: false,responsive: [\n\t\t\t\t\t\t\t{\n\t\t\t\t\t\t\t  breakpoint: 1026,\n\t\t\t\t\t\t\t  settings: {\n\t\t\t\t\t\t\t\tslidesToShow: 4,\n\t\t\t\t\t\t\t\tslidesToScroll: 1,  \n\t\t\t\t\t\t\t  }\n\t\t\t\t\t\t\t},\n\t\t\t\t\t\t\t{\n\t\t\t\t\t\t\t  breakpoint: 1025,\n\t\t\t\t\t\t\t  settings: {\n\t\t\t\t\t\t\t\tslidesToShow: 3,\n\t\t\t\t\t\t\t\tslidesToScroll: 1\n\t\t\t\t\t\t\t  }\n\t\t\t\t\t\t\t},\n\t\t\t\t\t\t\t{\n\t\t\t\t\t\t\t  breakpoint: 760,\n\t\t\t\t\t\t\t  settings: {\n\t\t\t\t\t\t\t\tslidesToShow: 1,\n\t\t\t\t\t\t\t\tslidesToScroll: 1\n\t\t\t\t\t\t\t  }\n\t\t\t\t\t\t\t}\n\t\t\t\t\t\t],pauseOnDotsHover: true,customPaging: function(slider, i) {\n                   return '<i type=\"button\" style= \"color:#333333;\" class=\"ultsl-record\" data-role=\"none\"><\/i>';\n                },});\n\t\t\t\t\t}\n\t\t\t\t});\n\t\t\t<\/script>\n\t\t\t[\/vc_column][\/vc_row][vc_row full_width=&#8220;stretch_row&#8220; el_class=&#8220;amepa-bg-call-to-action-blau&#8220;][vc_column width=&#8220;1\/12&#8243;][\/vc_column][vc_column width=&#8220;5\/6&#8243;][vc_column_text]<\/p>\n<h2 style=\"text-align: center;\">Wir haben Sie inspiriert? Sie m\u00f6chten Ihre Produktqualit\u00e4t weiter steigern, neue Ideen realisieren oder Prozesse optimieren? Dann nehmen Sie mit uns Kontakt auf, Sie finden immer einen kompetenten Ansprechpartner.<\/h2>\n<p>[\/vc_column_text][vc_btn title=&#8220;Kontakt&#8220; align=&#8220;center&#8220; el_class=&#8220;amepa-button-style-3&#8243; link=&#8220;url:https%3A\/\/amepa.de%2Fkontakt%2F|title:Kontakt&#8220;][\/vc_column][vc_column width=&#8220;1\/12&#8243;][\/vc_column][\/vc_row]<\/p>\n<\/div>","protected":false},"excerpt":{"rendered":"<p>[vc_row full_width=&#8220;stretch_row_content_no_spaces&#8220; el_class=&#8220;header-slider amepa-button-style-2&#8243;][vc_column][\/vc_column][\/vc_row][vc_row][vc_column width=&#8220;2\/3&#8243;][vc_custom_heading text=&#8220;AMEPA \u2013 40 Jahre Messtechnik f\u00fcr die Stahl-, Aluminium- und Automobilindustrie&#8220; font_container=&#8220;tag:h1|text_align:left&#8220; use_theme_fonts=&#8220;yes&#8220;][\/vc_column][vc_column width=&#8220;1\/3&#8243;][\/vc_column][\/vc_row][vc_row gap=&#8220;30&#8243; equal_height=&#8220;yes&#8220; css=&#8220;.vc_custom_1613402328242{margin-bottom: 30px !important;}&#8220;][vc_column width=&#8220;1\/3&#8243;][vc_custom_heading text=&#8220;\u00dcber uns&#8220; font_container=&#8220;tag:h3|text_align:left&#8220; use_theme_fonts=&#8220;yes&#8220; el_class=&#8220;h3-full-width&#8220;][vc_column_text]Bis heute verfolgen wir das Ziel der drei Vision\u00e4re, die AMEPA 1984 als \u201eSpin-off&#8220; der Technischen Hochschule Aachen gegr\u00fcndet haben: innovative Messtechnik zur Qualit\u00e4tssicherung unserer Kunden [&hellip;]<\/p>\n","protected":false},"author":1,"featured_media":0,"parent":0,"menu_order":0,"comment_status":"open","ping_status":"open","template":"","meta":{"_acf_changed":false,"footnotes":""},"class_list":["post-32","page","type-page","status-publish","hentry"],"acf":[],"yoast_head":"<!-- This site is optimized with the Yoast SEO Premium plugin v25.9 (Yoast SEO v25.9) - https:\/\/yoast.com\/wordpress\/plugins\/seo\/ -->\n<title>AMEPA Messtechnik f\u00fcr die Stahl-, Aluminium- und Automobilindustrie<\/title>\n<meta name=\"description\" content=\"AMEPA Messtechnik steht f\u00fcr mehr als 35 Jahre Erfahrung in der Stahl-, Aluminium- und Automobilindustrie. Zuverl\u00e4ssig, langlebig, innovativ.\" \/>\n<meta name=\"robots\" content=\"index, follow, max-snippet:-1, max-image-preview:large, max-video-preview:-1\" \/>\n<link rel=\"canonical\" href=\"https:\/\/amepa.com\/de\/\" \/>\n<meta property=\"og:locale\" content=\"de_DE\" \/>\n<meta property=\"og:type\" content=\"article\" \/>\n<meta property=\"og:title\" content=\"Homepage\" \/>\n<meta property=\"og:description\" content=\"Bis heute verfolgen wir das Ziel der drei Vision\u00e4re, die AMEPA 1984 als \u201eSpin-off&quot; der Technischen Hochschule Aachen gegr\u00fcndet haben: innovative\" \/>\n<meta property=\"og:url\" content=\"https:\/\/amepa.com\/de\/\" \/>\n<meta property=\"og:site_name\" content=\"Amepa GmbH\" \/>\n<meta property=\"article:modified_time\" content=\"2024-09-11T12:26:19+00:00\" \/>\n<meta property=\"og:image\" content=\"https:\/\/amepa.com\/wp-content\/uploads\/2021\/05\/amepa.jpg\" \/>\n\t<meta property=\"og:image:width\" content=\"1200\" \/>\n\t<meta property=\"og:image:height\" content=\"627\" \/>\n\t<meta property=\"og:image:type\" content=\"image\/jpeg\" \/>\n<meta name=\"twitter:label1\" content=\"Gesch\u00e4tzte Lesezeit\" \/>\n\t<meta name=\"twitter:data1\" content=\"3\u00a0Minuten\" \/>\n<script type=\"application\/ld+json\" class=\"yoast-schema-graph\">{\"@context\":\"https:\/\/schema.org\",\"@graph\":[{\"@type\":\"WebPage\",\"@id\":\"https:\/\/amepa.com\/de\/\",\"url\":\"https:\/\/amepa.com\/de\/\",\"name\":\"AMEPA Messtechnik f\u00fcr die Stahl-, Aluminium- und Automobilindustrie\",\"isPartOf\":{\"@id\":\"https:\/\/amepa.com\/de\/#website\"},\"datePublished\":\"2014-11-15T06:21:57+00:00\",\"dateModified\":\"2024-09-11T12:26:19+00:00\",\"description\":\"AMEPA Messtechnik steht f\u00fcr mehr als 35 Jahre Erfahrung in der Stahl-, Aluminium- und Automobilindustrie. Zuverl\u00e4ssig, langlebig, innovativ.\",\"breadcrumb\":{\"@id\":\"https:\/\/amepa.com\/de\/#breadcrumb\"},\"inLanguage\":\"de\",\"potentialAction\":[{\"@type\":\"ReadAction\",\"target\":[\"https:\/\/amepa.com\/de\/\"]}]},{\"@type\":\"BreadcrumbList\",\"@id\":\"https:\/\/amepa.com\/de\/#breadcrumb\",\"itemListElement\":[{\"@type\":\"ListItem\",\"position\":1,\"name\":\"Home\",\"item\":\"https:\/\/amepa.com\/de\/\"},{\"@type\":\"ListItem\",\"position\":2,\"name\":\"Homepage\"}]},{\"@type\":\"WebSite\",\"@id\":\"https:\/\/amepa.com\/de\/#website\",\"url\":\"https:\/\/amepa.com\/de\/\",\"name\":\"AMEPA America\",\"description\":\"Angewandte Messtechnik und Prozessautomatisierung GmbH\",\"alternateName\":\"AMEPA\",\"potentialAction\":[{\"@type\":\"SearchAction\",\"target\":{\"@type\":\"EntryPoint\",\"urlTemplate\":\"https:\/\/amepa.com\/de\/?s={search_term_string}\"},\"query-input\":{\"@type\":\"PropertyValueSpecification\",\"valueRequired\":true,\"valueName\":\"search_term_string\"}}],\"inLanguage\":\"de\"}]}<\/script>\n<!-- \/ Yoast SEO Premium plugin. -->","yoast_head_json":{"title":"AMEPA Messtechnik f\u00fcr die Stahl-, Aluminium- und Automobilindustrie","description":"AMEPA Messtechnik steht f\u00fcr mehr als 35 Jahre Erfahrung in der Stahl-, Aluminium- und Automobilindustrie. Zuverl\u00e4ssig, langlebig, innovativ.","robots":{"index":"index","follow":"follow","max-snippet":"max-snippet:-1","max-image-preview":"max-image-preview:large","max-video-preview":"max-video-preview:-1"},"canonical":"https:\/\/amepa.com\/de\/","og_locale":"de_DE","og_type":"article","og_title":"Homepage","og_description":"Bis heute verfolgen wir das Ziel der drei Vision\u00e4re, die AMEPA 1984 als \u201eSpin-off\" der Technischen Hochschule Aachen gegr\u00fcndet haben: innovative","og_url":"https:\/\/amepa.com\/de\/","og_site_name":"Amepa GmbH","article_modified_time":"2024-09-11T12:26:19+00:00","og_image":[{"width":1200,"height":627,"url":"https:\/\/amepa.com\/wp-content\/uploads\/2021\/05\/amepa.jpg","type":"image\/jpeg"}],"twitter_misc":{"Gesch\u00e4tzte Lesezeit":"3\u00a0Minuten"},"schema":{"@context":"https:\/\/schema.org","@graph":[{"@type":"WebPage","@id":"https:\/\/amepa.com\/de\/","url":"https:\/\/amepa.com\/de\/","name":"AMEPA Messtechnik f\u00fcr die Stahl-, Aluminium- und Automobilindustrie","isPartOf":{"@id":"https:\/\/amepa.com\/de\/#website"},"datePublished":"2014-11-15T06:21:57+00:00","dateModified":"2024-09-11T12:26:19+00:00","description":"AMEPA Messtechnik steht f\u00fcr mehr als 35 Jahre Erfahrung in der Stahl-, Aluminium- und Automobilindustrie. Zuverl\u00e4ssig, langlebig, innovativ.","breadcrumb":{"@id":"https:\/\/amepa.com\/de\/#breadcrumb"},"inLanguage":"de","potentialAction":[{"@type":"ReadAction","target":["https:\/\/amepa.com\/de\/"]}]},{"@type":"BreadcrumbList","@id":"https:\/\/amepa.com\/de\/#breadcrumb","itemListElement":[{"@type":"ListItem","position":1,"name":"Home","item":"https:\/\/amepa.com\/de\/"},{"@type":"ListItem","position":2,"name":"Homepage"}]},{"@type":"WebSite","@id":"https:\/\/amepa.com\/de\/#website","url":"https:\/\/amepa.com\/de\/","name":"AMEPA America","description":"Angewandte Messtechnik und Prozessautomatisierung GmbH","alternateName":"AMEPA","potentialAction":[{"@type":"SearchAction","target":{"@type":"EntryPoint","urlTemplate":"https:\/\/amepa.com\/de\/?s={search_term_string}"},"query-input":{"@type":"PropertyValueSpecification","valueRequired":true,"valueName":"search_term_string"}}],"inLanguage":"de"}]}},"_links":{"self":[{"href":"https:\/\/amepa.com\/de\/wp-json\/wp\/v2\/pages\/32","targetHints":{"allow":["GET"]}}],"collection":[{"href":"https:\/\/amepa.com\/de\/wp-json\/wp\/v2\/pages"}],"about":[{"href":"https:\/\/amepa.com\/de\/wp-json\/wp\/v2\/types\/page"}],"author":[{"embeddable":true,"href":"https:\/\/amepa.com\/de\/wp-json\/wp\/v2\/users\/1"}],"replies":[{"embeddable":true,"href":"https:\/\/amepa.com\/de\/wp-json\/wp\/v2\/comments?post=32"}],"version-history":[{"count":228,"href":"https:\/\/amepa.com\/de\/wp-json\/wp\/v2\/pages\/32\/revisions"}],"predecessor-version":[{"id":9448,"href":"https:\/\/amepa.com\/de\/wp-json\/wp\/v2\/pages\/32\/revisions\/9448"}],"wp:attachment":[{"href":"https:\/\/amepa.com\/de\/wp-json\/wp\/v2\/media?parent=32"}],"curies":[{"name":"wp","href":"https:\/\/api.w.org\/{rel}","templated":true}]}}